{"id":33751,"date":"2022-09-22T11:27:06","date_gmt":"2022-09-22T09:27:06","guid":{"rendered":"https:\/\/pgwear.net\/p\/ss23-kapielowki-resort-maroon\/"},"modified":"2026-04-28T00:57:29","modified_gmt":"2026-04-27T22:57:29","slug":"ss23-kapielowki-resort-maroon","status":"publish","type":"product","link":"https:\/\/pgwear.net\/pl\/p\/ss23-kapielowki-resort-maroon\/","title":{"rendered":"K\u0105piel\u00f3wki &#8220;Resort&#8221; Maroon"},"content":{"rendered":"<p>Na ulicy, na stadionie&#8230; wspominali\u015bmy ju\u017c o pla\u017cy? Oto miejsca, w kt\u00f3rych b\u0119dziesz wygl\u0105da\u0107 zawsze stylowo w produktach od PGWEAR! Tym razem przygotowali\u015bmy pi\u0119\u0107 wariant\u00f3w kolorystycznych! Znajd\u017a ten, kt\u00f3ry pasuje do Twojej ukochanej dru\u017cyny pi\u0142karskiej lub najlepiej pasuje do Twojego stylu!<\/p>\n","protected":false},"excerpt":{"rendered":"<p>Na ulicy, na stadionie&#8230; wspominali\u015bmy ju\u017c o pla\u017cy? Oto miejsca, w kt\u00f3rych b\u0119dziesz wygl\u0105da\u0107 zawsze stylowo w produktach od PGWEAR!<\/p>\n","protected":false},"featured_media":57108,"template":"","meta":{"_acf_changed":false},"product_brand":[],"product_cat":[3505,376,369],"product_tag":[3277,2837],"class_list":{"0":"post-33751","1":"product","2":"type-product","3":"status-publish","4":"has-post-thumbnail","6":"product_cat-kapielowki","7":"product_cat-nowosci","8":"product_cat-spodenki","9":"product_tag-ostatnie-sztuki","10":"product_tag-sale","11":"pa_gramatura-150-gr-m2","12":"pa_kolekcja-wiosna-lato-2023","13":"pa_kolor-granatowy-bordowy","14":"pa_material-100-poliester","15":"pa_rozmiar-l","16":"pa_rozmiar-m","17":"pa_rozmiar-s","18":"pa_rozmiar-xl","19":"pa_rozmiar-xxl","20":"pa_rozmiar-xxxl","21":"feature-kapielowki","23":"first","24":"instock","25":"sale","26":"taxable","27":"shipping-taxable","28":"purchasable","29":"product-type-variable"},"acf":[],"_links":{"self":[{"href":"https:\/\/pgwear.net\/pl\/wp-json\/wp\/v2\/product\/33751","targetHints":{"allow":["GET"]}}],"collection":[{"href":"https:\/\/pgwear.net\/pl\/wp-json\/wp\/v2\/product"}],"about":[{"href":"https:\/\/pgwear.net\/pl\/wp-json\/wp\/v2\/types\/product"}],"wp:featuredmedia":[{"embeddable":true,"href":"https:\/\/pgwear.net\/pl\/wp-json\/wp\/v2\/media\/57108"}],"wp:attachment":[{"href":"https:\/\/pgwear.net\/pl\/wp-json\/wp\/v2\/media?parent=33751"}],"wp:term":[{"taxonomy":"product_brand","embeddable":true,"href":"https:\/\/pgwear.net\/pl\/wp-json\/wp\/v2\/product_brand?post=33751"},{"taxonomy":"product_cat","embeddable":true,"href":"https:\/\/pgwear.net\/pl\/wp-json\/wp\/v2\/product_cat?post=33751"},{"taxonomy":"product_tag","embeddable":true,"href":"https:\/\/pgwear.net\/pl\/wp-json\/wp\/v2\/product_tag?post=33751"}],"curies":[{"name":"wp","href":"https:\/\/api.w.org\/{rel}","templated":true}]}}