{"id":33814,"date":"2022-09-22T11:27:15","date_gmt":"2022-09-22T09:27:15","guid":{"rendered":"https:\/\/pgwear.net\/p\/ss23-t-shirt-roger-navy\/"},"modified":"2026-03-17T14:34:49","modified_gmt":"2026-03-17T13:34:49","slug":"ss23-t-shirt-roger-navy","status":"publish","type":"product","link":"https:\/\/pgwear.net\/pl\/p\/ss23-t-shirt-roger-navy\/","title":{"rendered":"T-shirt &#8220;Roger&#8221; Navy"},"content":{"rendered":"<p>Stw\u00f3rz sw\u00f3j w\u0142asny zestaw ubra\u0144 podstawowych z PGWEAR! Swobodny, totalnie minimalistyczny bawe\u0142niany T-shirt ozdobiony naszym logo na przodzie to idealny element garderoby ka\u017cdego fanatyka pi\u0142ki no\u017cnej (i nie tylko!), kt\u00f3ry mo\u017cna nosi\u0107 wsz\u0119dzie, zar\u00f3wno na ulicy jak i na stadionie! Dost\u0119pny w trzech wersjach kolorystycznych.<\/p>\n","protected":false},"excerpt":{"rendered":"<p>Stw\u00f3rz sw\u00f3j w\u0142asny zestaw ubra\u0144 podstawowych z PGWEAR! Swobodny, totalnie minimalistyczny bawe\u0142niany T-shirt ozdobiony naszym logo na przodzie to idealny element garderoby ka\u017cdego fanatyka pi\u0142ki no\u017cnej (i nie tylko!), kt\u00f3ry mo\u017cna nosi\u0107 wsz\u0119dzie, zar\u00f3wno na ulicy jak i na stadionie!<\/p>\n","protected":false},"featured_media":57263,"template":"","meta":{"_acf_changed":false},"product_brand":[],"product_cat":[3496,376,372],"product_tag":[3277,2837],"class_list":{"0":"post-33814","1":"product","2":"type-product","3":"status-publish","4":"has-post-thumbnail","6":"product_cat-casual","7":"product_cat-nowosci","8":"product_cat-t-shirty","9":"product_tag-ostatnie-sztuki","10":"product_tag-sale","11":"pa_gramatura-180-gr-m2","12":"pa_kolekcja-wiosna-lato-2023","13":"pa_kolor-granatowy","14":"pa_kroj-klasyczny","15":"pa_material-100-bawelna","16":"pa_nadruk-nadruk-pgwear-na-sercu","17":"pa_rozmiar-l","18":"pa_rozmiar-m","19":"pa_rozmiar-s","20":"pa_rozmiar-xl","21":"pa_rozmiar-xxl","22":"pa_rozmiar-xxxl","24":"first","25":"instock","26":"sale","27":"taxable","28":"shipping-taxable","29":"purchasable","30":"product-type-variable"},"acf":[],"_links":{"self":[{"href":"https:\/\/pgwear.net\/pl\/wp-json\/wp\/v2\/product\/33814","targetHints":{"allow":["GET"]}}],"collection":[{"href":"https:\/\/pgwear.net\/pl\/wp-json\/wp\/v2\/product"}],"about":[{"href":"https:\/\/pgwear.net\/pl\/wp-json\/wp\/v2\/types\/product"}],"wp:featuredmedia":[{"embeddable":true,"href":"https:\/\/pgwear.net\/pl\/wp-json\/wp\/v2\/media\/57263"}],"wp:attachment":[{"href":"https:\/\/pgwear.net\/pl\/wp-json\/wp\/v2\/media?parent=33814"}],"wp:term":[{"taxonomy":"product_brand","embeddable":true,"href":"https:\/\/pgwear.net\/pl\/wp-json\/wp\/v2\/product_brand?post=33814"},{"taxonomy":"product_cat","embeddable":true,"href":"https:\/\/pgwear.net\/pl\/wp-json\/wp\/v2\/product_cat?post=33814"},{"taxonomy":"product_tag","embeddable":true,"href":"https:\/\/pgwear.net\/pl\/wp-json\/wp\/v2\/product_tag?post=33814"}],"curies":[{"name":"wp","href":"https:\/\/api.w.org\/{rel}","templated":true}]}}