{"id":33842,"date":"2022-09-22T11:27:21","date_gmt":"2022-09-22T09:27:21","guid":{"rendered":"https:\/\/pgwear.net\/p\/ss23-t-shirt-fury\/"},"modified":"2026-04-08T08:24:38","modified_gmt":"2026-04-08T06:24:38","slug":"ss23-t-shirt-fury","status":"publish","type":"product","link":"https:\/\/pgwear.net\/pl\/p\/ss23-t-shirt-fury\/","title":{"rendered":"T-shirt &#8220;Fury&#8221;"},"content":{"rendered":"<p>PGWEAR uwielbia du\u017ce ultrasowe nadruki na koszulkach! Z tego s\u0142yniemy i \u017cadna z kolekcji nie mo\u017ce obej\u015b\u0107 si\u0119 bez takich produkt\u00f3w! <a href=\"https:\/\/pgwear.net\/pl\/c\/t-shirty\/\">T-shirt<\/a> FURY jest doskona\u0142ym przyk\u0142adem takiego produktu! No\u015b go dumnie na ulicy jak i na stadionie!<\/p>\n","protected":false},"excerpt":{"rendered":"<p>PGWEAR uwielbia du\u017ce ultrasowe nadruki na koszulkach! Z tego s\u0142yniemy i \u017cadna z kolekcji nie mo\u017ce obej\u015b\u0107 si\u0119 bez takich produkt\u00f3w!<\/p>\n","protected":false},"featured_media":57501,"template":"","meta":{"_acf_changed":false},"product_brand":[],"product_cat":[376,372],"product_tag":[],"class_list":{"0":"post-33842","1":"product","2":"type-product","3":"status-publish","4":"has-post-thumbnail","6":"product_cat-nowosci","7":"product_cat-t-shirty","8":"pa_gramatura-180-gr-m2","9":"pa_kolekcja-wiosna-lato-2023","10":"pa_kolor-czarny","11":"pa_kroj-klasyczny","12":"pa_material-100-bawelna","13":"pa_nadruk-duzy-nadruk-na-plecach","14":"pa_nadruk-nadruk-na-klatce-piersiowej","15":"pa_rozmiar-l","16":"pa_rozmiar-m","17":"pa_rozmiar-s","18":"pa_rozmiar-xl","19":"pa_rozmiar-xxl","20":"pa_rozmiar-xxxl","21":"feature-czerwony-napis","22":"feature-motyw-kominiarki","24":"first","25":"instock","26":"taxable","27":"shipping-taxable","28":"purchasable","29":"product-type-variable"},"acf":[],"_links":{"self":[{"href":"https:\/\/pgwear.net\/pl\/wp-json\/wp\/v2\/product\/33842","targetHints":{"allow":["GET"]}}],"collection":[{"href":"https:\/\/pgwear.net\/pl\/wp-json\/wp\/v2\/product"}],"about":[{"href":"https:\/\/pgwear.net\/pl\/wp-json\/wp\/v2\/types\/product"}],"wp:featuredmedia":[{"embeddable":true,"href":"https:\/\/pgwear.net\/pl\/wp-json\/wp\/v2\/media\/57501"}],"wp:attachment":[{"href":"https:\/\/pgwear.net\/pl\/wp-json\/wp\/v2\/media?parent=33842"}],"wp:term":[{"taxonomy":"product_brand","embeddable":true,"href":"https:\/\/pgwear.net\/pl\/wp-json\/wp\/v2\/product_brand?post=33842"},{"taxonomy":"product_cat","embeddable":true,"href":"https:\/\/pgwear.net\/pl\/wp-json\/wp\/v2\/product_cat?post=33842"},{"taxonomy":"product_tag","embeddable":true,"href":"https:\/\/pgwear.net\/pl\/wp-json\/wp\/v2\/product_tag?post=33842"}],"curies":[{"name":"wp","href":"https:\/\/api.w.org\/{rel}","templated":true}]}}