{"id":33849,"date":"2022-09-22T11:27:23","date_gmt":"2022-09-22T09:27:23","guid":{"rendered":"https:\/\/pgwear.net\/p\/ss23-t-shirt-cheers-black\/"},"modified":"2026-03-24T12:32:37","modified_gmt":"2026-03-24T11:32:37","slug":"ss23-t-shirt-cheers-black","status":"publish","type":"product","link":"https:\/\/pgwear.net\/pl\/p\/ss23-t-shirt-cheers-black\/","title":{"rendered":"T-shirt &#8220;Cheers!&#8221; Black"},"content":{"rendered":"<p>Ogromna liczba fan\u00f3w PGWEAR zgodzi si\u0119, \u017ce piwo sta\u0142o si\u0119 wa\u017cnym symbolem w \u017cyciu kibica pi\u0142ki no\u017cnej. Dlatego koszulk\u0119 CHEERS dedykujemy temu napojowi! Ciesz si\u0119 nim gdziekolwiek jeste\u015b, na ulicy, stadionie czy pubie! Na zdrowie!<\/p>\n","protected":false},"excerpt":{"rendered":"<p>Ogromna liczba fan\u00f3w PGWEAR zgodzi si\u0119, \u017ce piwo sta\u0142o si\u0119 wa\u017cnym symbolem w \u017cyciu kibica pi\u0142ki no\u017cnej.<\/p>\n","protected":false},"featured_media":57527,"template":"","meta":{"_acf_changed":false},"product_brand":[],"product_cat":[376,372],"product_tag":[],"class_list":{"0":"post-33849","1":"product","2":"type-product","3":"status-publish","4":"has-post-thumbnail","6":"product_cat-nowosci","7":"product_cat-t-shirty","8":"pa_gramatura-180-gr-m2","9":"pa_kolekcja-wiosna-lato-2023","10":"pa_kolor-czarny","11":"pa_kroj-klasyczny","12":"pa_material-100-bawelna","13":"pa_nadruk-duzy-nadruk-na-klatce-piersiowej","14":"pa_rozmiar-l","15":"pa_rozmiar-m","16":"pa_rozmiar-s","17":"pa_rozmiar-xl","18":"pa_rozmiar-xxl","19":"pa_rozmiar-xxxl","20":"feature-motyw-kominiarki","21":"feature-motyw-piwa","23":"first","24":"instock","25":"taxable","26":"shipping-taxable","27":"purchasable","28":"product-type-variable"},"acf":[],"_links":{"self":[{"href":"https:\/\/pgwear.net\/pl\/wp-json\/wp\/v2\/product\/33849","targetHints":{"allow":["GET"]}}],"collection":[{"href":"https:\/\/pgwear.net\/pl\/wp-json\/wp\/v2\/product"}],"about":[{"href":"https:\/\/pgwear.net\/pl\/wp-json\/wp\/v2\/types\/product"}],"wp:featuredmedia":[{"embeddable":true,"href":"https:\/\/pgwear.net\/pl\/wp-json\/wp\/v2\/media\/57527"}],"wp:attachment":[{"href":"https:\/\/pgwear.net\/pl\/wp-json\/wp\/v2\/media?parent=33849"}],"wp:term":[{"taxonomy":"product_brand","embeddable":true,"href":"https:\/\/pgwear.net\/pl\/wp-json\/wp\/v2\/product_brand?post=33849"},{"taxonomy":"product_cat","embeddable":true,"href":"https:\/\/pgwear.net\/pl\/wp-json\/wp\/v2\/product_cat?post=33849"},{"taxonomy":"product_tag","embeddable":true,"href":"https:\/\/pgwear.net\/pl\/wp-json\/wp\/v2\/product_tag?post=33849"}],"curies":[{"name":"wp","href":"https:\/\/api.w.org\/{rel}","templated":true}]}}