{"id":33856,"date":"2022-09-22T11:27:26","date_gmt":"2022-09-22T09:27:26","guid":{"rendered":"https:\/\/pgwear.net\/p\/ss23-t-shirt-cheers-white\/"},"modified":"2026-03-24T12:32:49","modified_gmt":"2026-03-24T11:32:49","slug":"ss23-t-shirt-cheers-white","status":"publish","type":"product","link":"https:\/\/pgwear.net\/pl\/p\/ss23-t-shirt-cheers-white\/","title":{"rendered":"T-shirt &#8220;Cheers!&#8221; White"},"content":{"rendered":"<p>Ogromna liczba fan\u00f3w PGWEAR zgodzi si\u0119, \u017ce piwo sta\u0142o si\u0119 wa\u017cnym symbolem w \u017cyciu kibica pi\u0142ki no\u017cnej. Dlatego koszulk\u0119 CHEERS dedykujemy temu napojowi! Ciesz si\u0119 nim gdziekolwiek jeste\u015b, na ulicy, stadionie czy pubie! Na zdrowie!<\/p>\n","protected":false},"excerpt":{"rendered":"<p>Ogromna liczba fan\u00f3w PGWEAR zgodzi si\u0119, \u017ce piwo sta\u0142o si\u0119 wa\u017cnym symbolem w \u017cyciu kibica pi\u0142ki no\u017cnej.<\/p>\n","protected":false},"featured_media":57542,"template":"","meta":{"_acf_changed":false},"product_brand":[],"product_cat":[376,372],"product_tag":[2837],"class_list":{"0":"post-33856","1":"product","2":"type-product","3":"status-publish","4":"has-post-thumbnail","6":"product_cat-nowosci","7":"product_cat-t-shirty","8":"product_tag-sale","9":"pa_gramatura-180-gr-m2","10":"pa_kolekcja-wiosna-lato-2023","11":"pa_kolor-bialy","12":"pa_kroj-klasyczny","13":"pa_material-100-bawelna","14":"pa_nadruk-duzy-nadruk-na-klatce-piersiowej","15":"pa_rozmiar-l","16":"pa_rozmiar-m","17":"pa_rozmiar-s","18":"pa_rozmiar-xl","19":"pa_rozmiar-xxl","20":"pa_rozmiar-xxxl","21":"feature-motyw-kominiarki","22":"feature-motyw-piwa","24":"first","25":"instock","26":"taxable","27":"shipping-taxable","28":"purchasable","29":"product-type-variable"},"acf":[],"_links":{"self":[{"href":"https:\/\/pgwear.net\/pl\/wp-json\/wp\/v2\/product\/33856","targetHints":{"allow":["GET"]}}],"collection":[{"href":"https:\/\/pgwear.net\/pl\/wp-json\/wp\/v2\/product"}],"about":[{"href":"https:\/\/pgwear.net\/pl\/wp-json\/wp\/v2\/types\/product"}],"wp:featuredmedia":[{"embeddable":true,"href":"https:\/\/pgwear.net\/pl\/wp-json\/wp\/v2\/media\/57542"}],"wp:attachment":[{"href":"https:\/\/pgwear.net\/pl\/wp-json\/wp\/v2\/media?parent=33856"}],"wp:term":[{"taxonomy":"product_brand","embeddable":true,"href":"https:\/\/pgwear.net\/pl\/wp-json\/wp\/v2\/product_brand?post=33856"},{"taxonomy":"product_cat","embeddable":true,"href":"https:\/\/pgwear.net\/pl\/wp-json\/wp\/v2\/product_cat?post=33856"},{"taxonomy":"product_tag","embeddable":true,"href":"https:\/\/pgwear.net\/pl\/wp-json\/wp\/v2\/product_tag?post=33856"}],"curies":[{"name":"wp","href":"https:\/\/api.w.org\/{rel}","templated":true}]}}