{"id":33884,"date":"2022-09-22T11:27:32","date_gmt":"2022-09-22T09:27:32","guid":{"rendered":"https:\/\/pgwear.net\/p\/ss23-t-shirt-dont-stop-it-black\/"},"modified":"2026-03-23T07:31:07","modified_gmt":"2026-03-23T06:31:07","slug":"ss23-t-shirt-dont-stop-it-black","status":"publish","type":"product","link":"https:\/\/pgwear.net\/pl\/p\/ss23-t-shirt-dont-stop-it-black\/","title":{"rendered":"T-shirt &#8220;Don&#8217;t Stop It&#8221; Black"},"content":{"rendered":"<p>T-shirt DON\u2019t STOP IT od PGWEAR zosta\u0142 ozdobiony na plecach du\u017cym, kolorowym nadrukiem w stylu ultra, kt\u00f3ry przedstawia oldschoolowy stadion i zmierzaj\u0105cy w jego stron\u0119 t\u0142um fanatyk\u00f3w futbolu. Bez wzgl\u0119du na to, jak twoja dru\u017cyna gra i bez wzgl\u0119du na to, gdzie si\u0119 znajdujesz, na <a href=\"https:\/\/pgwear.net\/pl\/feature\/wyjazd\/\">meczu wyjazdowym<\/a> czy grasz u siebie- NIGDY NIE PRZESTAWAJ KIBICOWA\u0106! Wybierz t\u0119 koszulk\u0119 w czerni lub bieli<\/p>\n","protected":false},"excerpt":{"rendered":"<p>T-shirt DON\u2019t STOP IT od PGWEAR zosta\u0142 ozdobiony na plecach du\u017cym, kolorowym nadrukiem w stylu ultra, kt\u00f3ry przedstawia oldschoolowy stadion i zmierzaj\u0105cy w jego stron\u0119 t\u0142um fanatyk\u00f3w futbolu.<\/p>\n","protected":false},"featured_media":57713,"template":"","meta":{"_acf_changed":false},"product_brand":[],"product_cat":[376,372],"product_tag":[],"class_list":{"0":"post-33884","1":"product","2":"type-product","3":"status-publish","4":"has-post-thumbnail","6":"product_cat-nowosci","7":"product_cat-t-shirty","8":"pa_gramatura-180-gr-m2","9":"pa_kolekcja-wiosna-lato-2023","10":"pa_kolor-czarny","11":"pa_kroj-klasyczny","12":"pa_material-100-bawelna","13":"pa_nadruk-duzy-nadruk-na-plecach","14":"pa_nadruk-nadruk-na-klatce-piersiowej","15":"pa_rozmiar-l","16":"pa_rozmiar-m","17":"pa_rozmiar-s","18":"pa_rozmiar-xl","19":"pa_rozmiar-xxl","20":"pa_rozmiar-xxxl","22":"first","23":"instock","24":"taxable","25":"shipping-taxable","26":"purchasable","27":"product-type-variable"},"acf":[],"_links":{"self":[{"href":"https:\/\/pgwear.net\/pl\/wp-json\/wp\/v2\/product\/33884","targetHints":{"allow":["GET"]}}],"collection":[{"href":"https:\/\/pgwear.net\/pl\/wp-json\/wp\/v2\/product"}],"about":[{"href":"https:\/\/pgwear.net\/pl\/wp-json\/wp\/v2\/types\/product"}],"wp:featuredmedia":[{"embeddable":true,"href":"https:\/\/pgwear.net\/pl\/wp-json\/wp\/v2\/media\/57713"}],"wp:attachment":[{"href":"https:\/\/pgwear.net\/pl\/wp-json\/wp\/v2\/media?parent=33884"}],"wp:term":[{"taxonomy":"product_brand","embeddable":true,"href":"https:\/\/pgwear.net\/pl\/wp-json\/wp\/v2\/product_brand?post=33884"},{"taxonomy":"product_cat","embeddable":true,"href":"https:\/\/pgwear.net\/pl\/wp-json\/wp\/v2\/product_cat?post=33884"},{"taxonomy":"product_tag","embeddable":true,"href":"https:\/\/pgwear.net\/pl\/wp-json\/wp\/v2\/product_tag?post=33884"}],"curies":[{"name":"wp","href":"https:\/\/api.w.org\/{rel}","templated":true}]}}