{"id":33891,"date":"2022-09-22T11:27:33","date_gmt":"2022-09-22T09:27:33","guid":{"rendered":"https:\/\/pgwear.net\/p\/ss23-t-shirt-ultras-black\/"},"modified":"2026-03-17T14:34:44","modified_gmt":"2026-03-17T13:34:44","slug":"ss23-t-shirt-ultras-black","status":"publish","type":"product","link":"https:\/\/pgwear.net\/pl\/p\/ss23-t-shirt-ultras-black\/","title":{"rendered":"T-shirt &#8220;Ultras&#8221; Black"},"content":{"rendered":"<p>Kibicujemy naszej ukochan\u0105 dru\u017cynie pi\u0142karskiej, gdy wygrywa. P\u0142aczemy razem, gdy przegrywa. Aby j\u0105 wesprze\u0107, przeje\u017cd\u017camy setki kilometr\u00f3w. Rysujemy tifo, gdy nikt nie patrzy. Odpalamy pyro, gdy jest to zabronione. Nic i nikt nas nie powstrzyma! Poniewa\u017c jeste\u015bmy ULTRASAMI!<\/p>\n","protected":false},"excerpt":{"rendered":"<p>Kibicujemy naszej ukochan\u0105 dru\u017cynie pi\u0142karskiej, gdy wygrywa. P\u0142aczemy razem, gdy przegrywa.<\/p>\n","protected":false},"featured_media":57604,"template":"","meta":{"_acf_changed":false},"product_brand":[],"product_cat":[3496,376,372],"product_tag":[3839,3277],"class_list":{"0":"post-33891","1":"product","2":"type-product","3":"status-publish","4":"has-post-thumbnail","6":"product_cat-casual","7":"product_cat-nowosci","8":"product_cat-t-shirty","9":"product_tag-blue-monday","10":"product_tag-ostatnie-sztuki","11":"pa_gramatura-180-gr-m2","12":"pa_kolekcja-wiosna-lato-2023","13":"pa_kolor-czarny","14":"pa_kroj-klasyczny","15":"pa_material-100-bawelna","16":"pa_nadruk-duzy-nadruk-na-klatce-piersiowej","17":"pa_rozmiar-l","18":"pa_rozmiar-m","19":"pa_rozmiar-s","20":"pa_rozmiar-xl","21":"pa_rozmiar-xxl","22":"pa_rozmiar-xxxl","23":"feature-napis-ultras","25":"first","26":"outofstock","27":"taxable","28":"shipping-taxable","29":"product-type-variable"},"acf":[],"_links":{"self":[{"href":"https:\/\/pgwear.net\/pl\/wp-json\/wp\/v2\/product\/33891","targetHints":{"allow":["GET"]}}],"collection":[{"href":"https:\/\/pgwear.net\/pl\/wp-json\/wp\/v2\/product"}],"about":[{"href":"https:\/\/pgwear.net\/pl\/wp-json\/wp\/v2\/types\/product"}],"wp:featuredmedia":[{"embeddable":true,"href":"https:\/\/pgwear.net\/pl\/wp-json\/wp\/v2\/media\/57604"}],"wp:attachment":[{"href":"https:\/\/pgwear.net\/pl\/wp-json\/wp\/v2\/media?parent=33891"}],"wp:term":[{"taxonomy":"product_brand","embeddable":true,"href":"https:\/\/pgwear.net\/pl\/wp-json\/wp\/v2\/product_brand?post=33891"},{"taxonomy":"product_cat","embeddable":true,"href":"https:\/\/pgwear.net\/pl\/wp-json\/wp\/v2\/product_cat?post=33891"},{"taxonomy":"product_tag","embeddable":true,"href":"https:\/\/pgwear.net\/pl\/wp-json\/wp\/v2\/product_tag?post=33891"}],"curies":[{"name":"wp","href":"https:\/\/api.w.org\/{rel}","templated":true}]}}