{"id":33912,"date":"2022-09-22T11:27:36","date_gmt":"2022-09-22T09:27:36","guid":{"rendered":"https:\/\/pgwear.net\/p\/ss23-t-shirt-ultras-white-green\/"},"modified":"2026-04-01T12:43:31","modified_gmt":"2026-04-01T10:43:31","slug":"ss23-t-shirt-ultras-white-green","status":"publish","type":"product","link":"https:\/\/pgwear.net\/pl\/p\/ss23-t-shirt-ultras-white-green\/","title":{"rendered":"T-shirt &#8220;Ultras&#8221; White\/Green"},"content":{"rendered":"<p>Kibicujemy naszej ukochan\u0105 dru\u017cynie pi\u0142karskiej, gdy wygrywa. P\u0142aczemy razem, gdy przegrywa. Aby j\u0105 wesprze\u0107, przeje\u017cd\u017camy setki kilometr\u00f3w. Rysujemy tifo, gdy nikt nie patrzy. Odpalamy pyro, gdy jest to zabronione. Nic i nikt nas nie powstrzyma! Poniewa\u017c jeste\u015bmy ULTRASAMI!<\/p>\n","protected":false},"excerpt":{"rendered":"<p>Kibicujemy naszej ukochan\u0105 dru\u017cynie pi\u0142karskiej, gdy wygrywa. P\u0142aczemy razem, gdy przegrywa.<\/p>\n","protected":false},"featured_media":57563,"template":"","meta":{"_acf_changed":false},"product_brand":[],"product_cat":[3496,376,372],"product_tag":[3839,3277,2837],"class_list":{"0":"post-33912","1":"product","2":"type-product","3":"status-publish","4":"has-post-thumbnail","6":"product_cat-casual","7":"product_cat-nowosci","8":"product_cat-t-shirty","9":"product_tag-blue-monday","10":"product_tag-ostatnie-sztuki","11":"product_tag-sale","12":"pa_gramatura-180-gr-m2","13":"pa_kolekcja-wiosna-lato-2023","14":"pa_kolor-bialy","15":"pa_kroj-klasyczny","16":"pa_material-100-bawelna","17":"pa_nadruk-duzy-nadruk-na-klatce-piersiowej","18":"pa_rozmiar-l","19":"pa_rozmiar-m","20":"pa_rozmiar-s","21":"pa_rozmiar-xl","22":"pa_rozmiar-xxl","23":"pa_rozmiar-xxxl","24":"feature-napis-ultras","26":"first","27":"instock","28":"sale","29":"taxable","30":"shipping-taxable","31":"purchasable","32":"product-type-variable"},"acf":[],"_links":{"self":[{"href":"https:\/\/pgwear.net\/pl\/wp-json\/wp\/v2\/product\/33912","targetHints":{"allow":["GET"]}}],"collection":[{"href":"https:\/\/pgwear.net\/pl\/wp-json\/wp\/v2\/product"}],"about":[{"href":"https:\/\/pgwear.net\/pl\/wp-json\/wp\/v2\/types\/product"}],"wp:featuredmedia":[{"embeddable":true,"href":"https:\/\/pgwear.net\/pl\/wp-json\/wp\/v2\/media\/57563"}],"wp:attachment":[{"href":"https:\/\/pgwear.net\/pl\/wp-json\/wp\/v2\/media?parent=33912"}],"wp:term":[{"taxonomy":"product_brand","embeddable":true,"href":"https:\/\/pgwear.net\/pl\/wp-json\/wp\/v2\/product_brand?post=33912"},{"taxonomy":"product_cat","embeddable":true,"href":"https:\/\/pgwear.net\/pl\/wp-json\/wp\/v2\/product_cat?post=33912"},{"taxonomy":"product_tag","embeddable":true,"href":"https:\/\/pgwear.net\/pl\/wp-json\/wp\/v2\/product_tag?post=33912"}],"curies":[{"name":"wp","href":"https:\/\/api.w.org\/{rel}","templated":true}]}}