{"id":33919,"date":"2022-09-22T11:27:37","date_gmt":"2022-09-22T09:27:37","guid":{"rendered":"https:\/\/pgwear.net\/p\/ss23-t-shirt-religion\/"},"modified":"2026-04-24T08:45:28","modified_gmt":"2026-04-24T06:45:28","slug":"ss23-t-shirt-religion","status":"publish","type":"product","link":"https:\/\/pgwear.net\/pl\/p\/ss23-t-shirt-religion\/","title":{"rendered":"T-shirt &#8220;Religion&#8221;"},"content":{"rendered":"<p>Pi\u0142ka no\u017cna to nasza religia! Stadion to nasz ko\u015bci\u00f3\u0142! To s\u0105 idee, kt\u00f3re \u0142\u0105cz\u0105 wszystkich ultras\u00f3w, chuligan\u00f3w i fan\u00f3w pi\u0142ki no\u017cnej na ca\u0142ym \u015bwiecie! Idealnie zaprezentowane na koszulce RELIGION od PGWEAR ULTRAS SHOP &#8211; w postaci kolorowego nadruku w stylu Ultras! Z dum\u0105 szerz \u015bwi\u0119te idee futbolu na trybunach!<\/p>\n","protected":false},"excerpt":{"rendered":"<p>Pi\u0142ka no\u017cna to nasza religia! Stadion to nasz ko\u015bci\u00f3\u0142! To s\u0105 idee, kt\u00f3re \u0142\u0105cz\u0105 wszystkich ultras\u00f3w, chuligan\u00f3w i fan\u00f3w pi\u0142ki no\u017cnej na ca\u0142ym \u015bwiecie!<\/p>\n","protected":false},"featured_media":57772,"template":"","meta":{"_acf_changed":false},"product_brand":[],"product_cat":[376,372],"product_tag":[3839,3277],"class_list":{"0":"post-33919","1":"product","2":"type-product","3":"status-publish","4":"has-post-thumbnail","6":"product_cat-nowosci","7":"product_cat-t-shirty","8":"product_tag-blue-monday","9":"product_tag-ostatnie-sztuki","10":"pa_gramatura-180-gr-m2","11":"pa_kolekcja-wiosna-lato-2023","12":"pa_kolor-czarny","13":"pa_kroj-klasyczny","14":"pa_material-100-bawelna","15":"pa_nadruk-duzy-nadruk-na-klatce-piersiowej","16":"pa_rozmiar-l","17":"pa_rozmiar-m","18":"pa_rozmiar-s","19":"pa_rozmiar-xl","20":"pa_rozmiar-xxl","21":"pa_rozmiar-xxxl","22":"feature-motyw-pilki","23":"feature-religia","25":"first","26":"instock","27":"sale","28":"taxable","29":"shipping-taxable","30":"purchasable","31":"product-type-variable"},"acf":[],"_links":{"self":[{"href":"https:\/\/pgwear.net\/pl\/wp-json\/wp\/v2\/product\/33919","targetHints":{"allow":["GET"]}}],"collection":[{"href":"https:\/\/pgwear.net\/pl\/wp-json\/wp\/v2\/product"}],"about":[{"href":"https:\/\/pgwear.net\/pl\/wp-json\/wp\/v2\/types\/product"}],"wp:featuredmedia":[{"embeddable":true,"href":"https:\/\/pgwear.net\/pl\/wp-json\/wp\/v2\/media\/57772"}],"wp:attachment":[{"href":"https:\/\/pgwear.net\/pl\/wp-json\/wp\/v2\/media?parent=33919"}],"wp:term":[{"taxonomy":"product_brand","embeddable":true,"href":"https:\/\/pgwear.net\/pl\/wp-json\/wp\/v2\/product_brand?post=33919"},{"taxonomy":"product_cat","embeddable":true,"href":"https:\/\/pgwear.net\/pl\/wp-json\/wp\/v2\/product_cat?post=33919"},{"taxonomy":"product_tag","embeddable":true,"href":"https:\/\/pgwear.net\/pl\/wp-json\/wp\/v2\/product_tag?post=33919"}],"curies":[{"name":"wp","href":"https:\/\/api.w.org\/{rel}","templated":true}]}}