{"id":33933,"date":"2022-09-22T11:27:39","date_gmt":"2022-09-22T09:27:39","guid":{"rendered":"https:\/\/pgwear.net\/p\/ss23-polo-pique-black\/"},"modified":"2026-03-06T12:12:15","modified_gmt":"2026-03-06T11:12:15","slug":"ss23-polo-pique-black","status":"publish","type":"product","link":"https:\/\/pgwear.net\/pl\/p\/ss23-polo-pique-black\/","title":{"rendered":"Polo &#8220;Pique&#8221; Black"},"content":{"rendered":"<p>Ikona casualowych klasyk\u00f3w od lat 80. do dzi\u015b &#8211; koszulka polo! Ozdobiona logo PGWEAR, to idealny element garderoby ka\u017cdego fana pi\u0142ki no\u017cnej, kt\u00f3ry mo\u017cna nosi\u0107 na ulicy, na stadionie czy gdziekolwiek indziej! Dost\u0119pny w dw\u00f3ch wersjach kolorystycznych.<\/p>\n","protected":false},"excerpt":{"rendered":"<p>Ikona casualowych klasyk\u00f3w od lat 80. do dzi\u015b &#8211; koszulka polo!!<\/p>\n","protected":false},"featured_media":57816,"template":"","meta":{"_acf_changed":false},"product_brand":[],"product_cat":[376,367],"product_tag":[3277],"class_list":{"0":"post-33933","1":"product","2":"type-product","3":"status-publish","4":"has-post-thumbnail","6":"product_cat-nowosci","7":"product_cat-polo","8":"product_tag-ostatnie-sztuki","9":"pa_gramatura-210-gr-m2","10":"pa_kolekcja-wiosna-lato-2023","11":"pa_kolor-czarny","12":"pa_kroj-klasyczny","13":"pa_material-100-bawelna","14":"pa_rozmiar-l","15":"pa_rozmiar-m","16":"pa_rozmiar-s","17":"pa_rozmiar-xl","18":"pa_rozmiar-xxl","19":"pa_rozmiar-xxxl","21":"first","22":"outofstock","23":"taxable","24":"shipping-taxable","25":"product-type-variable"},"acf":[],"_links":{"self":[{"href":"https:\/\/pgwear.net\/pl\/wp-json\/wp\/v2\/product\/33933","targetHints":{"allow":["GET"]}}],"collection":[{"href":"https:\/\/pgwear.net\/pl\/wp-json\/wp\/v2\/product"}],"about":[{"href":"https:\/\/pgwear.net\/pl\/wp-json\/wp\/v2\/types\/product"}],"wp:featuredmedia":[{"embeddable":true,"href":"https:\/\/pgwear.net\/pl\/wp-json\/wp\/v2\/media\/57816"}],"wp:attachment":[{"href":"https:\/\/pgwear.net\/pl\/wp-json\/wp\/v2\/media?parent=33933"}],"wp:term":[{"taxonomy":"product_brand","embeddable":true,"href":"https:\/\/pgwear.net\/pl\/wp-json\/wp\/v2\/product_brand?post=33933"},{"taxonomy":"product_cat","embeddable":true,"href":"https:\/\/pgwear.net\/pl\/wp-json\/wp\/v2\/product_cat?post=33933"},{"taxonomy":"product_tag","embeddable":true,"href":"https:\/\/pgwear.net\/pl\/wp-json\/wp\/v2\/product_tag?post=33933"}],"curies":[{"name":"wp","href":"https:\/\/api.w.org\/{rel}","templated":true}]}}