{"id":33940,"date":"2022-09-22T11:27:40","date_gmt":"2022-09-22T09:27:40","guid":{"rendered":"https:\/\/pgwear.net\/p\/ss23-bluza-eric-navy\/"},"modified":"2026-03-06T12:12:16","modified_gmt":"2026-03-06T11:12:16","slug":"ss23-bluza-eric-navy","status":"publish","type":"product","link":"https:\/\/pgwear.net\/pl\/p\/ss23-bluza-eric-navy\/","title":{"rendered":"Bluza &#8220;Eric&#8221; Navy"},"content":{"rendered":"<p>Bluza ERIC jest idealna na ch\u0142odniejsze wieczory z wiernymi przyjaci\u00f3\u0142mi w pubie lub na mecz wyjazdowy. Ten minimalistyczny element garderoby pasuje do ka\u017cdego outfitu, niezale\u017cnie od tego, czy jeste\u015b w domu, czy na wyje\u017adzie, na ulicy czy na stadionie! Produkt dost\u0119pny w dw\u00f3ch wersjach kolorystycznych.<\/p>\n","protected":false},"excerpt":{"rendered":"<p>Bluza ERIC jest idealna na ch\u0142odniejsze wieczory z wiernymi przyjaci\u00f3\u0142mi w pubie lub na mecz wyjazdowy.<\/p>\n","protected":false},"featured_media":57863,"template":"","meta":{"_acf_changed":false},"product_brand":[],"product_cat":[371,3491,376],"product_tag":[3839,3277,2837,1863],"class_list":{"0":"post-33940","1":"product","2":"type-product","3":"status-publish","4":"has-post-thumbnail","6":"product_cat-bluzy","7":"product_cat-bluzy-bez-kaptura","8":"product_cat-nowosci","9":"product_tag-blue-monday","10":"product_tag-ostatnie-sztuki","11":"product_tag-sale","12":"product_tag-wiosna-lato-2023","13":"pa_gramatura-290-gr-m2","14":"pa_kolekcja-wiosna-lato-2023","15":"pa_kolor-granatowy","16":"pa_kroj-klasyczny","17":"pa_material-100-bawelna","18":"pa_rozmiar-l","19":"pa_rozmiar-m","20":"pa_rozmiar-s","21":"pa_rozmiar-xl","22":"pa_rozmiar-xxl","23":"pa_rozmiar-xxxl","25":"first","26":"outofstock","27":"taxable","28":"shipping-taxable","29":"product-type-variable"},"acf":[],"_links":{"self":[{"href":"https:\/\/pgwear.net\/pl\/wp-json\/wp\/v2\/product\/33940","targetHints":{"allow":["GET"]}}],"collection":[{"href":"https:\/\/pgwear.net\/pl\/wp-json\/wp\/v2\/product"}],"about":[{"href":"https:\/\/pgwear.net\/pl\/wp-json\/wp\/v2\/types\/product"}],"wp:featuredmedia":[{"embeddable":true,"href":"https:\/\/pgwear.net\/pl\/wp-json\/wp\/v2\/media\/57863"}],"wp:attachment":[{"href":"https:\/\/pgwear.net\/pl\/wp-json\/wp\/v2\/media?parent=33940"}],"wp:term":[{"taxonomy":"product_brand","embeddable":true,"href":"https:\/\/pgwear.net\/pl\/wp-json\/wp\/v2\/product_brand?post=33940"},{"taxonomy":"product_cat","embeddable":true,"href":"https:\/\/pgwear.net\/pl\/wp-json\/wp\/v2\/product_cat?post=33940"},{"taxonomy":"product_tag","embeddable":true,"href":"https:\/\/pgwear.net\/pl\/wp-json\/wp\/v2\/product_tag?post=33940"}],"curies":[{"name":"wp","href":"https:\/\/api.w.org\/{rel}","templated":true}]}}