{"id":33961,"date":"2022-09-22T11:27:42","date_gmt":"2022-09-22T09:27:42","guid":{"rendered":"https:\/\/pgwear.net\/p\/ss23-bluza-retro-pete-navy-yellow\/"},"modified":"2026-04-20T12:45:21","modified_gmt":"2026-04-20T10:45:21","slug":"ss23-bluza-retro-pete-navy-yellow","status":"publish","type":"product","link":"https:\/\/pgwear.net\/pl\/p\/ss23-bluza-retro-pete-navy-yellow\/","title":{"rendered":"Bluza Retro &#8220;Pete&#8221; Navy\/Yellow"},"content":{"rendered":"<p>PGWEAR kocha bluzy w stylu retro! Ale wiemy, \u017ce Wy te\u017c! Bo ten rodzaj ubioru sta\u0142 si\u0119 niezast\u0105pion\u0105 cz\u0119\u015bci\u0105 garderoby w\u015br\u00f3d fan\u00f3w pi\u0142ki no\u017cnej! Od lat 80. do dzisiaj, ta bluza sprawia, \u017ce ka\u017cdy wygl\u0105da stylowo, zar\u00f3wno na ulicy jak i na stadionie! Wybierz sw\u00f3j ulubiony wariant kolorystyczny spo\u015br\u00f3d pi\u0119ciu dost\u0119pnych!<\/p>\n","protected":false},"excerpt":{"rendered":"<p>PGWEAR kocha bluzy w stylu retro! Ale wiemy, \u017ce Wy te\u017c! Bo ten rodzaj ubioru sta\u0142 si\u0119 niezast\u0105pion\u0105 cz\u0119\u015bci\u0105 garderoby w\u015br\u00f3d fan\u00f3w pi\u0142ki no\u017cnej!<\/p>\n","protected":false},"featured_media":57921,"template":"","meta":{"_acf_changed":false},"product_brand":[],"product_cat":[371,376,3492],"product_tag":[2125,2837,1863],"class_list":{"0":"post-33961","1":"product","2":"type-product","3":"status-publish","4":"has-post-thumbnail","6":"product_cat-bluzy","7":"product_cat-nowosci","8":"product_cat-track-topy","9":"product_tag-retro","10":"product_tag-sale","11":"product_tag-wiosna-lato-2023","12":"pa_gramatura-280-gr-m2","13":"pa_kolekcja-wiosna-lato-2023","14":"pa_kolor-granatowy","15":"pa_kroj-klasyczny","16":"pa_material-100-poliester","17":"pa_rozmiar-l","18":"pa_rozmiar-m","19":"pa_rozmiar-s","20":"pa_rozmiar-xl","21":"pa_rozmiar-xxl","22":"pa_rozmiar-xxxl","24":"first","25":"instock","26":"taxable","27":"shipping-taxable","28":"purchasable","29":"product-type-variable"},"acf":[],"_links":{"self":[{"href":"https:\/\/pgwear.net\/pl\/wp-json\/wp\/v2\/product\/33961","targetHints":{"allow":["GET"]}}],"collection":[{"href":"https:\/\/pgwear.net\/pl\/wp-json\/wp\/v2\/product"}],"about":[{"href":"https:\/\/pgwear.net\/pl\/wp-json\/wp\/v2\/types\/product"}],"wp:featuredmedia":[{"embeddable":true,"href":"https:\/\/pgwear.net\/pl\/wp-json\/wp\/v2\/media\/57921"}],"wp:attachment":[{"href":"https:\/\/pgwear.net\/pl\/wp-json\/wp\/v2\/media?parent=33961"}],"wp:term":[{"taxonomy":"product_brand","embeddable":true,"href":"https:\/\/pgwear.net\/pl\/wp-json\/wp\/v2\/product_brand?post=33961"},{"taxonomy":"product_cat","embeddable":true,"href":"https:\/\/pgwear.net\/pl\/wp-json\/wp\/v2\/product_cat?post=33961"},{"taxonomy":"product_tag","embeddable":true,"href":"https:\/\/pgwear.net\/pl\/wp-json\/wp\/v2\/product_tag?post=33961"}],"curies":[{"name":"wp","href":"https:\/\/api.w.org\/{rel}","templated":true}]}}