{"id":34395,"date":"2022-09-23T10:47:58","date_gmt":"2022-09-23T08:47:58","guid":{"rendered":"https:\/\/pgwear.net\/p\/aw22se-kurtka-dwustronna-chameleon-sg\/"},"modified":"2026-04-14T10:48:36","modified_gmt":"2026-04-14T08:48:36","slug":"aw22se-kurtka-dwustronna-chameleon-sg","status":"publish","type":"product","link":"https:\/\/pgwear.net\/pl\/p\/aw22se-kurtka-dwustronna-chameleon-sg\/","title":{"rendered":"Kurtka dwustronna &#8220;Chameleon&#8221; Czarno\/\u017b\u00f3\u0142ta"},"content":{"rendered":"<p>Czy kiedykolwiek my\u015bla\u0142e\u015b o tym, by mie\u0107 jedn\u0105 ulubion\u0105 <a href=\"https:\/\/pgwear.net\/pl\/c\/kurtki\/\">kurtk\u0119<\/a>, kt\u00f3ra b\u0119dzie pasowa\u0107 na ka\u017cd\u0105 okazj\u0119? Teraz to mo\u017cliwe dzi\u0119ki <a href=\"https:\/\/pgwear.net\/pl\/feature\/dwustronna\/\">dwustronnym kurtkom<\/a> od PGWEAR! Mo\u017cesz jedn\u0105 stron\u0119 kurtki nosi\u0107 na spotkania z kumplami, randki lub kolacje rodzinne! Druga strona kurtki b\u0119dzie idealna na mecze, tak aby\u015b m\u00f3g\u0142 reprezentowa\u0107 barwy swojej dru\u017cyny!! Wybierz jedn\u0105 z trzech wersji kolorystycznych i no\u015b j\u0105 z dum\u0105 wsz\u0119dzie!<\/p>\n","protected":false},"excerpt":{"rendered":"<p>Czy kiedykolwiek my\u015bla\u0142e\u015b o tym, by mie\u0107 jedn\u0105 ulubion\u0105 kurtk\u0119, kt\u00f3ra b\u0119dzie pasowa\u0107 na ka\u017cd\u0105 okazj\u0119? Teraz to mo\u017cliwe dzi\u0119ki dwustronnym kurtkom od PGWEAR! Mo\u017cesz jedn\u0105 stron\u0119 kurtki nosi\u0107 na spotkania z kumplami, randki lub kolacje rodzinne! Druga strona kurtki b\u0119dzie idealna na mecze, tak aby\u015b m\u00f3g\u0142 reprezentowa\u0107 barwy swojej dru\u017cyny!! Wybierz jedn\u0105 z trzech wersji kolorystycznych i no\u015b j\u0105 z dum\u0105 wsz\u0119dzie!<\/p>\n","protected":false},"featured_media":59174,"template":"","meta":{"_acf_changed":false},"product_brand":[],"product_cat":[366,3488,3484,376],"product_tag":[3277],"class_list":{"0":"post-34395","1":"product","2":"type-product","3":"status-publish","4":"has-post-thumbnail","6":"product_cat-kurtki","7":"product_cat-kurtki-dwustronne","8":"product_cat-kurtki-przejsciowe","9":"product_cat-nowosci","10":"product_tag-ostatnie-sztuki","11":"pa_gramatura-120-gr-m2","12":"pa_kolekcja-jesien-zima-2022","13":"pa_kolor-czarny","14":"pa_kroj-klasyczny","15":"pa_material-100-poliester","16":"pa_rozmiar-l","17":"pa_rozmiar-m","18":"pa_rozmiar-s","19":"pa_rozmiar-xl","20":"pa_rozmiar-xxl","21":"pa_rozmiar-xxxl","22":"feature-dwustronna","24":"first","25":"instock","26":"sale","27":"taxable","28":"shipping-taxable","29":"purchasable","30":"product-type-variable"},"acf":[],"_links":{"self":[{"href":"https:\/\/pgwear.net\/pl\/wp-json\/wp\/v2\/product\/34395","targetHints":{"allow":["GET"]}}],"collection":[{"href":"https:\/\/pgwear.net\/pl\/wp-json\/wp\/v2\/product"}],"about":[{"href":"https:\/\/pgwear.net\/pl\/wp-json\/wp\/v2\/types\/product"}],"wp:featuredmedia":[{"embeddable":true,"href":"https:\/\/pgwear.net\/pl\/wp-json\/wp\/v2\/media\/59174"}],"wp:attachment":[{"href":"https:\/\/pgwear.net\/pl\/wp-json\/wp\/v2\/media?parent=34395"}],"wp:term":[{"taxonomy":"product_brand","embeddable":true,"href":"https:\/\/pgwear.net\/pl\/wp-json\/wp\/v2\/product_brand?post=34395"},{"taxonomy":"product_cat","embeddable":true,"href":"https:\/\/pgwear.net\/pl\/wp-json\/wp\/v2\/product_cat?post=34395"},{"taxonomy":"product_tag","embeddable":true,"href":"https:\/\/pgwear.net\/pl\/wp-json\/wp\/v2\/product_tag?post=34395"}],"curies":[{"name":"wp","href":"https:\/\/api.w.org\/{rel}","templated":true}]}}