{"id":37098,"date":"2022-10-05T08:46:31","date_gmt":"2022-10-05T06:46:31","guid":{"rendered":"https:\/\/pgwear.net\/p\/tnf006-czapka-action-the-no-face\/"},"modified":"2026-03-06T11:54:06","modified_gmt":"2026-03-06T10:54:06","slug":"tnf006-czapka-action-the-no-face","status":"publish","type":"product","link":"https:\/\/pgwear.net\/pl\/p\/tnf006-czapka-action-the-no-face\/","title":{"rendered":"Czapka Action &#8220;The No Face&#8221; Czarna"},"content":{"rendered":"<p><a href=\"https:\/\/pgwear.net\/pl\/c\/czapki\/\">Czapka zimowa<\/a> &#8220;Action Hat&#8221; z serii The No Face to idealne rozwi\u0105zanie do noszenia na codzie\u0144, na ulicy oraz na stadionie w dniu meczu. Jednym ruchem mo\u017cesz zamieni\u0107 t\u0105 zimow\u0105 czapk\u0119 w <a href=\"https:\/\/pgwear.net\/pl\/c\/kominiarki\/\">kominiark\u0119<\/a>, dzi\u0119ki zamkowi, kt\u00f3ry ukryty jest pod wywini\u0119ciem czapki.<\/p>\n","protected":false},"excerpt":{"rendered":"<p>Czapka zimowa &#8220;Action Hat&#8221; z serii The No Face to idealne rozwi\u0105zanie do noszenia na codzie\u0144, na ulicy oraz na stadionie w dniu meczu.<\/p>\n","protected":false},"featured_media":37414,"template":"","meta":{"_acf_changed":false},"product_brand":[],"product_cat":[374,370,3512,376,3511,3510],"product_tag":[1794],"class_list":{"0":"post-37098","1":"product","2":"type-product","3":"status-publish","4":"has-post-thumbnail","6":"product_cat-czapki","7":"product_cat-kominiarki","8":"product_cat-komiarki","9":"product_cat-nowosci","10":"product_cat-z-funkcja-kominiarki","11":"product_cat-zimowe","12":"product_tag-the-no-face","13":"pa_kolekcja-jesien-zima-2022","14":"pa_kolor-czarny","15":"pa_material-100-akryl","16":"feature-czapka-zimowa","18":"first","19":"instock","20":"taxable","21":"shipping-taxable","22":"purchasable","23":"product-type-simple"},"acf":[],"_links":{"self":[{"href":"https:\/\/pgwear.net\/pl\/wp-json\/wp\/v2\/product\/37098","targetHints":{"allow":["GET"]}}],"collection":[{"href":"https:\/\/pgwear.net\/pl\/wp-json\/wp\/v2\/product"}],"about":[{"href":"https:\/\/pgwear.net\/pl\/wp-json\/wp\/v2\/types\/product"}],"wp:featuredmedia":[{"embeddable":true,"href":"https:\/\/pgwear.net\/pl\/wp-json\/wp\/v2\/media\/37414"}],"wp:attachment":[{"href":"https:\/\/pgwear.net\/pl\/wp-json\/wp\/v2\/media?parent=37098"}],"wp:term":[{"taxonomy":"product_brand","embeddable":true,"href":"https:\/\/pgwear.net\/pl\/wp-json\/wp\/v2\/product_brand?post=37098"},{"taxonomy":"product_cat","embeddable":true,"href":"https:\/\/pgwear.net\/pl\/wp-json\/wp\/v2\/product_cat?post=37098"},{"taxonomy":"product_tag","embeddable":true,"href":"https:\/\/pgwear.net\/pl\/wp-json\/wp\/v2\/product_tag?post=37098"}],"curies":[{"name":"wp","href":"https:\/\/api.w.org\/{rel}","templated":true}]}}