{"id":39490,"date":"2022-10-17T10:41:46","date_gmt":"2022-10-17T08:41:46","guid":{"rendered":"https:\/\/pgwear.net\/p\/kominiarka-net-navy-zolty\/"},"modified":"2026-04-21T12:21:18","modified_gmt":"2026-04-21T10:21:18","slug":"kominiarka-net-navy-zolty","status":"publish","type":"product","link":"https:\/\/pgwear.net\/pl\/p\/kominiarka-net-navy-zolty\/","title":{"rendered":"Kominiarka NET Navy\/\u017b\u00f3\u0142ty"},"content":{"rendered":"","protected":false},"excerpt":{"rendered":"","protected":false},"featured_media":39712,"template":"","meta":{"_acf_changed":false},"product_brand":[],"product_cat":[370,3512,376],"product_tag":[3839],"class_list":{"0":"post-39490","1":"product","2":"type-product","3":"status-publish","4":"has-post-thumbnail","6":"product_cat-kominiarki","7":"product_cat-komiarki","8":"product_cat-nowosci","9":"product_tag-blue-monday","10":"pa_gramatura-180-gr-m2","11":"pa_kolor-zolty-niebieski","12":"pa_material-4-lycra","13":"pa_material-96-bawelna","15":"first","16":"instock","17":"taxable","18":"shipping-taxable","19":"purchasable","20":"product-type-simple"},"acf":[],"_links":{"self":[{"href":"https:\/\/pgwear.net\/pl\/wp-json\/wp\/v2\/product\/39490","targetHints":{"allow":["GET"]}}],"collection":[{"href":"https:\/\/pgwear.net\/pl\/wp-json\/wp\/v2\/product"}],"about":[{"href":"https:\/\/pgwear.net\/pl\/wp-json\/wp\/v2\/types\/product"}],"wp:featuredmedia":[{"embeddable":true,"href":"https:\/\/pgwear.net\/pl\/wp-json\/wp\/v2\/media\/39712"}],"wp:attachment":[{"href":"https:\/\/pgwear.net\/pl\/wp-json\/wp\/v2\/media?parent=39490"}],"wp:term":[{"taxonomy":"product_brand","embeddable":true,"href":"https:\/\/pgwear.net\/pl\/wp-json\/wp\/v2\/product_brand?post=39490"},{"taxonomy":"product_cat","embeddable":true,"href":"https:\/\/pgwear.net\/pl\/wp-json\/wp\/v2\/product_cat?post=39490"},{"taxonomy":"product_tag","embeddable":true,"href":"https:\/\/pgwear.net\/pl\/wp-json\/wp\/v2\/product_tag?post=39490"}],"curies":[{"name":"wp","href":"https:\/\/api.w.org\/{rel}","templated":true}]}}