{"id":40968,"date":"2022-10-24T13:43:25","date_gmt":"2022-10-24T11:43:25","guid":{"rendered":"https:\/\/pgwear.net\/p\/ch22-softshellowe-rekawiczki-blizzard\/"},"modified":"2026-04-07T12:48:16","modified_gmt":"2026-04-07T10:48:16","slug":"ch22-softshellowe-rekawiczki-blizzard","status":"publish","type":"product","link":"https:\/\/pgwear.net\/pl\/p\/ch22-softshellowe-rekawiczki-blizzard\/","title":{"rendered":"Softshellowe R\u0119kawiczki &#8220;Blizzard&#8221;"},"content":{"rendered":"<p>Ka\u017cdy wie, \u017ce materia\u0142 softshell posiada wyj\u0105tkowe w\u0142a\u015bciwo\u015bci! Dlatego PGWEAR ULTRAS SHOP wyprodukowa\u0142 ciep\u0142y dodatek z tego materia\u0142u na nadchodz\u0105c\u0105 zim\u0119 &#8211; r\u0119kawiczki softshellowe! Nie pozw\u00f3l, aby twoje r\u0119ce marz\u0142y! Zadbaj o swoich przyjaci\u00f3\u0142, daj\u0105c im te oryginalne r\u0119kawiczki w prezencie!<\/p>\n","protected":false},"excerpt":{"rendered":"<p>Ka\u017cdy wie, \u017ce materia\u0142 softshell posiada wyj\u0105tkowe w\u0142a\u015bciwo\u015bci! Dlatego PGWEAR ULTRAS SHOP wyprodukowa\u0142 ciep\u0142y dodatek z tego materia\u0142u na nadchodz\u0105c\u0105 zim\u0119 &#8211; r\u0119kawiczki softshellowe!<\/p>\n","protected":false},"featured_media":41494,"template":"","meta":{"_acf_changed":false},"product_brand":[],"product_cat":[375,1817,376,3517],"product_tag":[],"class_list":{"0":"post-40968","1":"product","2":"type-product","3":"status-publish","4":"has-post-thumbnail","6":"product_cat-akcesoria","7":"product_cat-kolekcja-boze-narodzenie-2022","8":"product_cat-nowosci","9":"product_cat-rekawiczki","10":"pa_kolor-czarny","11":"pa_material-93-poliester-7-elastan","12":"feature-rekawiczki","14":"first","15":"instock","16":"taxable","17":"shipping-taxable","18":"purchasable","19":"product-type-simple"},"acf":[],"_links":{"self":[{"href":"https:\/\/pgwear.net\/pl\/wp-json\/wp\/v2\/product\/40968","targetHints":{"allow":["GET"]}}],"collection":[{"href":"https:\/\/pgwear.net\/pl\/wp-json\/wp\/v2\/product"}],"about":[{"href":"https:\/\/pgwear.net\/pl\/wp-json\/wp\/v2\/types\/product"}],"wp:featuredmedia":[{"embeddable":true,"href":"https:\/\/pgwear.net\/pl\/wp-json\/wp\/v2\/media\/41494"}],"wp:attachment":[{"href":"https:\/\/pgwear.net\/pl\/wp-json\/wp\/v2\/media?parent=40968"}],"wp:term":[{"taxonomy":"product_brand","embeddable":true,"href":"https:\/\/pgwear.net\/pl\/wp-json\/wp\/v2\/product_brand?post=40968"},{"taxonomy":"product_cat","embeddable":true,"href":"https:\/\/pgwear.net\/pl\/wp-json\/wp\/v2\/product_cat?post=40968"},{"taxonomy":"product_tag","embeddable":true,"href":"https:\/\/pgwear.net\/pl\/wp-json\/wp\/v2\/product_tag?post=40968"}],"curies":[{"name":"wp","href":"https:\/\/api.w.org\/{rel}","templated":true}]}}