{"id":41201,"date":"2022-10-25T12:11:40","date_gmt":"2022-10-25T10:11:40","guid":{"rendered":"https:\/\/pgwear.net\/p\/ch22-neck-cover-crazy-santa\/"},"modified":"2026-04-09T09:48:15","modified_gmt":"2026-04-09T07:48:15","slug":"ch22-neck-cover-crazy-santa","status":"publish","type":"product","link":"https:\/\/pgwear.net\/pl\/p\/ch22-neck-cover-crazy-santa\/","title":{"rendered":"Neck Cover &#8220;Crazy Santa&#8221;"},"content":{"rendered":"<p>Ka\u017cdy ultras, chuligan i fanatyk pi\u0142ki no\u017cnej zna jedn\u0105 prost\u0105 zasad\u0119! Twarz musi by\u0107 odpowiednio zakryta zar\u00f3wno podczas meczu na stadionie jak i na ulicy! Ale dlaczego nie zrobi\u0107 tego samego w okresie Bo\u017cego Narodzenia? Ciesz si\u0119 \u015bwi\u0105tecznym nastrojem z kominem od PGWEAR ULTRAS SHOP! Pozosta\u0144 anonimowy i wygl\u0105daj jak Szalony Miko\u0142aj! \ud83d\ude09<\/p>\n","protected":false},"excerpt":{"rendered":"<p>Ka\u017cdy ultras, chuligan i fanatyk pi\u0142ki no\u017cnej zna jedn\u0105 prost\u0105 zasad\u0119! Twarz musi by\u0107 odpowiednio zakryta zar\u00f3wno podczas meczu na stadionie jak i na ulicy!<\/p>\n","protected":false},"featured_media":41626,"template":"","meta":{"_acf_changed":false},"product_brand":[],"product_cat":[1817,376],"product_tag":[2837],"class_list":{"0":"post-41201","1":"product","2":"type-product","3":"status-publish","4":"has-post-thumbnail","6":"product_cat-kolekcja-boze-narodzenie-2022","7":"product_cat-nowosci","8":"product_tag-sale","9":"pa_material-100-poliester","10":"pa_nadruk-nadruk-na-calej-powierzchni","12":"first","13":"instock","14":"sale","15":"taxable","16":"shipping-taxable","17":"purchasable","18":"product-type-simple"},"acf":[],"_links":{"self":[{"href":"https:\/\/pgwear.net\/pl\/wp-json\/wp\/v2\/product\/41201","targetHints":{"allow":["GET"]}}],"collection":[{"href":"https:\/\/pgwear.net\/pl\/wp-json\/wp\/v2\/product"}],"about":[{"href":"https:\/\/pgwear.net\/pl\/wp-json\/wp\/v2\/types\/product"}],"wp:featuredmedia":[{"embeddable":true,"href":"https:\/\/pgwear.net\/pl\/wp-json\/wp\/v2\/media\/41626"}],"wp:attachment":[{"href":"https:\/\/pgwear.net\/pl\/wp-json\/wp\/v2\/media?parent=41201"}],"wp:term":[{"taxonomy":"product_brand","embeddable":true,"href":"https:\/\/pgwear.net\/pl\/wp-json\/wp\/v2\/product_brand?post=41201"},{"taxonomy":"product_cat","embeddable":true,"href":"https:\/\/pgwear.net\/pl\/wp-json\/wp\/v2\/product_cat?post=41201"},{"taxonomy":"product_tag","embeddable":true,"href":"https:\/\/pgwear.net\/pl\/wp-json\/wp\/v2\/product_tag?post=41201"}],"curies":[{"name":"wp","href":"https:\/\/api.w.org\/{rel}","templated":true}]}}