{"id":41818,"date":"2022-10-28T10:09:45","date_gmt":"2022-10-28T08:09:45","guid":{"rendered":"https:\/\/pgwear.net\/p\/val23-t-shirt-love\/"},"modified":"2026-04-27T10:21:31","modified_gmt":"2026-04-27T08:21:31","slug":"val23-t-shirt-love","status":"publish","type":"product","link":"https:\/\/pgwear.net\/pl\/p\/val23-t-shirt-love\/","title":{"rendered":"T-shirt &#8220;Love&#8221;"},"content":{"rendered":"<p>Zawsze b\u0119dzie mi\u0119dzy nami jedna r\u00f3\u017cnica. Kobiety wol\u0105 sp\u0119dzi\u0107 czas na romantycznej randce w restauracji lub w domu na kanapie ogl\u0105daj\u0105c serial. Ale my m\u0119\u017cczy\u017ani wolimy inaczej! Preferujemy akcj\u0119! Chcemy sp\u0119dzi\u0107 poranek w poci\u0105gu w drodze na mecz wyjazdowy, popo\u0142udnie na trybunach odpalaj\u0105c piro podczas meczu, a wiecz\u00f3r sp\u0119dzi\u0107 w pubie z kumplami! Jednak nie mo\u017cemy obej\u015b\u0107 si\u0119 bez naszych kochanych kobiet! Przygotuj si\u0119 na Walentynki z koszulk\u0105 LOVE od PGWEAR SHOP!<\/p>\n","protected":false},"excerpt":{"rendered":"<p>Zawsze b\u0119dzie mi\u0119dzy nami jedna r\u00f3\u017cnica. Kobiety wol\u0105 sp\u0119dzi\u0107 czas na romantycznej randce w restauracji lub w domu na kanapie ogl\u0105daj\u0105c serial. Ale my m\u0119\u017cczy\u017ani wolimy inaczej! Preferujemy akcj\u0119!<\/p>\n","protected":false},"featured_media":41877,"template":"","meta":{"_acf_changed":false},"product_brand":[],"product_cat":[376,372],"product_tag":[3845,3277],"class_list":{"0":"post-41818","1":"product","2":"type-product","3":"status-publish","4":"has-post-thumbnail","6":"product_cat-nowosci","7":"product_cat-t-shirty","8":"product_tag-love","9":"product_tag-ostatnie-sztuki","10":"pa_gramatura-180-gr-m2","11":"pa_kolekcja-wiosna-lato-2023","12":"pa_kolor-szary","13":"pa_kroj-klasyczny","14":"pa_material-100-bawelna","15":"pa_nadruk-duzy-nadruk-na-klatce-piersiowej","16":"pa_rozmiar-l","17":"pa_rozmiar-m","18":"pa_rozmiar-s","19":"pa_rozmiar-xl","20":"pa_rozmiar-xxl","21":"pa_rozmiar-xxxl","23":"first","24":"instock","25":"sale","26":"taxable","27":"shipping-taxable","28":"purchasable","29":"product-type-variable"},"acf":[],"_links":{"self":[{"href":"https:\/\/pgwear.net\/pl\/wp-json\/wp\/v2\/product\/41818","targetHints":{"allow":["GET"]}}],"collection":[{"href":"https:\/\/pgwear.net\/pl\/wp-json\/wp\/v2\/product"}],"about":[{"href":"https:\/\/pgwear.net\/pl\/wp-json\/wp\/v2\/types\/product"}],"wp:featuredmedia":[{"embeddable":true,"href":"https:\/\/pgwear.net\/pl\/wp-json\/wp\/v2\/media\/41877"}],"wp:attachment":[{"href":"https:\/\/pgwear.net\/pl\/wp-json\/wp\/v2\/media?parent=41818"}],"wp:term":[{"taxonomy":"product_brand","embeddable":true,"href":"https:\/\/pgwear.net\/pl\/wp-json\/wp\/v2\/product_brand?post=41818"},{"taxonomy":"product_cat","embeddable":true,"href":"https:\/\/pgwear.net\/pl\/wp-json\/wp\/v2\/product_cat?post=41818"},{"taxonomy":"product_tag","embeddable":true,"href":"https:\/\/pgwear.net\/pl\/wp-json\/wp\/v2\/product_tag?post=41818"}],"curies":[{"name":"wp","href":"https:\/\/api.w.org\/{rel}","templated":true}]}}