{"id":51923,"date":"2022-12-07T08:36:33","date_gmt":"2022-12-07T07:36:33","guid":{"rendered":"https:\/\/pgwear.net\/p\/aw22se-t-shirt-acab-gta\/"},"modified":"2026-03-31T11:19:33","modified_gmt":"2026-03-31T09:19:33","slug":"aw22se-t-shirt-acab-gta","status":"publish","type":"product","link":"https:\/\/pgwear.net\/pl\/p\/aw22se-t-shirt-acab-gta\/","title":{"rendered":"T-shirt &#8220;ACAB &#8211; GTA&#8221;"},"content":{"rendered":"<p>Od kilku lat w PGWEAR \u015bwi\u0119tujemy mi\u0119dzynardowy dzie\u0144 \u201emi\u0142o\u015bci\u201d do policji i specjalnie na t\u0105 okaz\u0119 przygotowujemy produkty w \u015bci\u015ble limitowanej ilo\u015bci. W tym roku wyprodukowali\u015bmy T-shirty oraz bluzy z kominiark\u0105. G\u0142\u00f3wnym motywem znajduj\u0105cym si\u0119 na odzie\u017cy jest s\u0142ynny wz\u00f3r PGWEAR pochodz\u0105cy z kolekcji Wiosna\/Lato 2016. Jest to jeden z najbardziej kultowych wzor\u00f3w odnosz\u0105cych si\u0119 do tematyki ACAB, stworzonych dla ultras\u00f3w. T-shirty oraz bluzy ze s\u0142ynn\u0105 grafik\u0105 ACAB-GTA sta\u0142y si\u0119 kultowe na stadionach ca\u0142ego \u015bwiata. Dzi\u015b powracaj\u0105 do sprzeda\u017cy ponownie! Kup teraz i 13.12 \u015bwi\u0119tuj Mi\u0119dzynarodowy Dzie\u0144 Mi\u0142o\u015bci do policji z odzie\u017c\u0105 od PGWEAR Ultras Shop!<\/p>\n","protected":false},"excerpt":{"rendered":"<p>Od kilku lat w PGWEAR \u015bwi\u0119tujemy mi\u0119dzynarodowy dzie\u0144 \u201emi\u0142o\u015bci\u201d do policji i specjalnie na t\u0105 okazj\u0119 przygotowujemy produkty w \u015bci\u015ble limitowanej ilo\u015bci.<\/p>\n","protected":false},"featured_media":51935,"template":"","meta":{"_acf_changed":false},"product_brand":[],"product_cat":[376,372],"product_tag":[],"class_list":{"0":"post-51923","1":"product","2":"type-product","3":"status-publish","4":"has-post-thumbnail","6":"product_cat-nowosci","7":"product_cat-t-shirty","8":"pa_gramatura-180-gr-m2","9":"pa_kolor-czarny","10":"pa_kroj-klasyczny","11":"pa_material-100-bawelna","12":"pa_nadruk-duzy-nadruk-na-klatce-piersiowej","13":"pa_rozmiar-l","14":"pa_rozmiar-m","15":"pa_rozmiar-s","16":"pa_rozmiar-xl","17":"pa_rozmiar-xxl","18":"pa_rozmiar-xxxl","19":"feature-2211","20":"feature-acab","21":"feature-gta","23":"first","24":"instock","25":"taxable","26":"shipping-taxable","27":"purchasable","28":"product-type-variable"},"acf":[],"_links":{"self":[{"href":"https:\/\/pgwear.net\/pl\/wp-json\/wp\/v2\/product\/51923","targetHints":{"allow":["GET"]}}],"collection":[{"href":"https:\/\/pgwear.net\/pl\/wp-json\/wp\/v2\/product"}],"about":[{"href":"https:\/\/pgwear.net\/pl\/wp-json\/wp\/v2\/types\/product"}],"wp:featuredmedia":[{"embeddable":true,"href":"https:\/\/pgwear.net\/pl\/wp-json\/wp\/v2\/media\/51935"}],"wp:attachment":[{"href":"https:\/\/pgwear.net\/pl\/wp-json\/wp\/v2\/media?parent=51923"}],"wp:term":[{"taxonomy":"product_brand","embeddable":true,"href":"https:\/\/pgwear.net\/pl\/wp-json\/wp\/v2\/product_brand?post=51923"},{"taxonomy":"product_cat","embeddable":true,"href":"https:\/\/pgwear.net\/pl\/wp-json\/wp\/v2\/product_cat?post=51923"},{"taxonomy":"product_tag","embeddable":true,"href":"https:\/\/pgwear.net\/pl\/wp-json\/wp\/v2\/product_tag?post=51923"}],"curies":[{"name":"wp","href":"https:\/\/api.w.org\/{rel}","templated":true}]}}