{"id":53466,"date":"2022-12-15T10:11:18","date_gmt":"2022-12-15T09:11:18","guid":{"rendered":"https:\/\/pgwear.net\/p\/ss23-spodenki-cargo-horde-grey\/"},"modified":"2026-04-14T10:36:17","modified_gmt":"2026-04-14T08:36:17","slug":"ss23-spodenki-cargo-horde-grey","status":"publish","type":"product","link":"https:\/\/pgwear.net\/pl\/p\/ss23-spodenki-cargo-horde-grey\/","title":{"rendered":"Spodenki Cargo &#8220;Horde&#8221; Grey"},"content":{"rendered":"<p>Najlepsze i najbardziej funkcjonalne spodnie dla fan\u00f3w pi\u0142ki no\u017cnej to po prostu boj\u00f3wki! Dzi\u0119ki nim b\u0119dziesz mia\u0142 zawsze ze sob\u0105 najwa\u017cniejsze rzeczy oraz doskonale zaprezentujesz si\u0119 zar\u00f3wno na ulicy, jak i na stadionie!<\/p>\n","protected":false},"excerpt":{"rendered":"<p>Najlepsze i najbardziej funkcjonalne spodnie dla fan\u00f3w pi\u0142ki no\u017cnej to po prostu boj\u00f3wki!<\/p>\n","protected":false},"featured_media":58509,"template":"","meta":{"_acf_changed":false},"product_brand":[],"product_cat":[3506,376,369],"product_tag":[1863],"class_list":{"0":"post-53466","1":"product","2":"type-product","3":"status-publish","4":"has-post-thumbnail","6":"product_cat-cargo-2","7":"product_cat-nowosci","8":"product_cat-spodenki","9":"product_tag-wiosna-lato-2023","10":"pa_gramatura-180-gr-m2","11":"pa_kolekcja-wiosna-lato-2023","12":"pa_kolor-szary","13":"pa_material-100-bawelna","14":"pa_rozmiar-l","15":"pa_rozmiar-m","16":"pa_rozmiar-s","17":"pa_rozmiar-xl","18":"pa_rozmiar-xxl","19":"pa_rozmiar-xxxl","20":"feature-bojowki","22":"first","23":"instock","24":"taxable","25":"shipping-taxable","26":"purchasable","27":"product-type-variable"},"acf":[],"_links":{"self":[{"href":"https:\/\/pgwear.net\/pl\/wp-json\/wp\/v2\/product\/53466","targetHints":{"allow":["GET"]}}],"collection":[{"href":"https:\/\/pgwear.net\/pl\/wp-json\/wp\/v2\/product"}],"about":[{"href":"https:\/\/pgwear.net\/pl\/wp-json\/wp\/v2\/types\/product"}],"wp:featuredmedia":[{"embeddable":true,"href":"https:\/\/pgwear.net\/pl\/wp-json\/wp\/v2\/media\/58509"}],"wp:attachment":[{"href":"https:\/\/pgwear.net\/pl\/wp-json\/wp\/v2\/media?parent=53466"}],"wp:term":[{"taxonomy":"product_brand","embeddable":true,"href":"https:\/\/pgwear.net\/pl\/wp-json\/wp\/v2\/product_brand?post=53466"},{"taxonomy":"product_cat","embeddable":true,"href":"https:\/\/pgwear.net\/pl\/wp-json\/wp\/v2\/product_cat?post=53466"},{"taxonomy":"product_tag","embeddable":true,"href":"https:\/\/pgwear.net\/pl\/wp-json\/wp\/v2\/product_tag?post=53466"}],"curies":[{"name":"wp","href":"https:\/\/api.w.org\/{rel}","templated":true}]}}