{"id":62145,"date":"2023-02-13T13:45:33","date_gmt":"2023-02-13T12:45:33","guid":{"rendered":"https:\/\/pgwear.net\/p\/botbv2-t-shirt-against-sober-football\/"},"modified":"2026-03-24T12:30:14","modified_gmt":"2026-03-24T11:30:14","slug":"botbv2-t-shirt-against-sober-football","status":"publish","type":"product","link":"https:\/\/pgwear.net\/pl\/p\/botbv2-t-shirt-against-sober-football\/","title":{"rendered":"T-shirt &#8220;Against Sober Football&#8221;"},"content":{"rendered":"<p><a href=\"https:\/\/pgwear.net\/pl\/feature\/motyw-piwa\/\">Piwo<\/a> to nie tylko zwyk\u0142y nap\u00f3j w kulturze pi\u0142karskiej! Kojarzy si\u0119 on z pe\u0142nymi przyg\u00f3d <a href=\"https:\/\/pgwear.net\/pl\/feature\/wyjazd\/\">meczami wyjazdowymi<\/a>, rado\u015bci\u0105 na trybunach po strzelonym golu, sp\u0119dzonymi godzinami z lojalnymi kumplami w lokalnym pubie&#8230; Koszulka AGAINST SOBER FOOTBALL od PGWEAR ULTRAS SHOP posiada du\u017cy nadruk z kuflami piwa, kt\u00f3ry symbolizuje sens bycia cz\u0119\u015bci\u0105 fandom &#8211; Kiedy nale\u017cysz do niego, to mo\u017cesz by\u0107 pewny tego, \u017ce nigdy nie b\u0119dziesz pi\u0142 sam! \ud83d\ude09<\/p>\n","protected":false},"excerpt":{"rendered":"<p>Piwo to nie tylko zwyk\u0142y nap\u00f3j w kulturze pi\u0142karskiej! Kojarzy si\u0119 on z pe\u0142nymi przyg\u00f3d meczami wyjazdowymi, rado\u015bci\u0105 na trybunach po strzelonym golu, sp\u0119dzonymi godzinami z lojalnymi kumplami w lokalnym pubie&#8230;<\/p>\n","protected":false},"featured_media":62631,"template":"","meta":{"_acf_changed":false},"product_brand":[],"product_cat":[376,372],"product_tag":[],"class_list":{"0":"post-62145","1":"product","2":"type-product","3":"status-publish","4":"has-post-thumbnail","6":"product_cat-nowosci","7":"product_cat-t-shirty","8":"pa_gramatura-180-gr-m2","9":"pa_kolor-szary","10":"pa_kroj-klasyczny","11":"pa_material-100-bawelna","12":"pa_nadruk-duzy-nadruk-na-klatce-piersiowej","13":"pa_rozmiar-l","14":"pa_rozmiar-m","15":"pa_rozmiar-s","16":"pa_rozmiar-xl","17":"pa_rozmiar-xxl","18":"pa_rozmiar-xxxl","19":"feature-motyw-piwa","20":"feature-wieniec-laurowy","22":"first","23":"instock","24":"taxable","25":"shipping-taxable","26":"purchasable","27":"product-type-variable"},"acf":[],"_links":{"self":[{"href":"https:\/\/pgwear.net\/pl\/wp-json\/wp\/v2\/product\/62145","targetHints":{"allow":["GET"]}}],"collection":[{"href":"https:\/\/pgwear.net\/pl\/wp-json\/wp\/v2\/product"}],"about":[{"href":"https:\/\/pgwear.net\/pl\/wp-json\/wp\/v2\/types\/product"}],"wp:featuredmedia":[{"embeddable":true,"href":"https:\/\/pgwear.net\/pl\/wp-json\/wp\/v2\/media\/62631"}],"wp:attachment":[{"href":"https:\/\/pgwear.net\/pl\/wp-json\/wp\/v2\/media?parent=62145"}],"wp:term":[{"taxonomy":"product_brand","embeddable":true,"href":"https:\/\/pgwear.net\/pl\/wp-json\/wp\/v2\/product_brand?post=62145"},{"taxonomy":"product_cat","embeddable":true,"href":"https:\/\/pgwear.net\/pl\/wp-json\/wp\/v2\/product_cat?post=62145"},{"taxonomy":"product_tag","embeddable":true,"href":"https:\/\/pgwear.net\/pl\/wp-json\/wp\/v2\/product_tag?post=62145"}],"curies":[{"name":"wp","href":"https:\/\/api.w.org\/{rel}","templated":true}]}}