{"id":62152,"date":"2023-02-13T13:45:34","date_gmt":"2023-02-13T12:45:34","guid":{"rendered":"https:\/\/pgwear.net\/p\/botbv2-t-shirt-alea-iacta-est\/"},"modified":"2026-03-23T10:34:24","modified_gmt":"2026-03-23T09:34:24","slug":"botbv2-t-shirt-alea-iacta-est","status":"publish","type":"product","link":"https:\/\/pgwear.net\/pl\/p\/botbv2-t-shirt-alea-iacta-est\/","title":{"rendered":"T-shirt &#8220;Alea iacta est&#8221;"},"content":{"rendered":"<p><a href=\"https:\/\/pgwear.net\/pl\/feature\/alea-iacta-est\/\">Alea Iacta Est<\/a>! Kiedy do\u0142\u0105czysz do ruchu Ultras, ju\u017c nie b\u0119dzie odwrotu! Nieko\u0144cz\u0105ce si\u0119 <a href=\"https:\/\/pgwear.net\/pl\/feature\/wyjazd\/\">mecze wyjazdowe<\/a>, nieprzespane noce przy rysowaniu tifos, wieczory w pubie z wiernymi kumplami, kibicowanie ukochanej dru\u017cynie pi\u0142karskiej bez wzgl\u0119du na to, czy przegrywa, czy wygrywa! Wszystko to daje ogromn\u0105 rado\u015b\u0107, kt\u00f3rej nie spos\u00f3b si\u0119 oprze\u0107!<\/p>\n","protected":false},"excerpt":{"rendered":"<p>Alea Iacta Est! Kiedy do\u0142\u0105czysz do ruchu Ultras, ju\u017c nie b\u0119dzie odwrotu! Nieko\u0144cz\u0105ce si\u0119 mecze wyjazdowe, nieprzespane noce przy rysowaniu tifos, wieczory w pubie z wiernymi kumplami, kibicowanie ukochanej dru\u017cynie pi\u0142karskiej bez wzgl\u0119du na to, czy przegrywa, czy wygrywa!<\/p>\n","protected":false},"featured_media":62605,"template":"","meta":{"_acf_changed":false},"product_brand":[],"product_cat":[376,372],"product_tag":[],"class_list":{"0":"post-62152","1":"product","2":"type-product","3":"status-publish","4":"has-post-thumbnail","6":"product_cat-nowosci","7":"product_cat-t-shirty","8":"pa_gramatura-180-gr-m2","9":"pa_kolor-czarny","10":"pa_kroj-klasyczny","11":"pa_material-100-bawelna","12":"pa_nadruk-duzy-nadruk-na-klatce-piersiowej","13":"pa_rozmiar-l","14":"pa_rozmiar-m","15":"pa_rozmiar-s","16":"pa_rozmiar-xl","17":"pa_rozmiar-xxl","18":"pa_rozmiar-xxxl","19":"feature-alea-iacta-est","21":"first","22":"instock","23":"taxable","24":"shipping-taxable","25":"purchasable","26":"product-type-variable"},"acf":[],"_links":{"self":[{"href":"https:\/\/pgwear.net\/pl\/wp-json\/wp\/v2\/product\/62152","targetHints":{"allow":["GET"]}}],"collection":[{"href":"https:\/\/pgwear.net\/pl\/wp-json\/wp\/v2\/product"}],"about":[{"href":"https:\/\/pgwear.net\/pl\/wp-json\/wp\/v2\/types\/product"}],"wp:featuredmedia":[{"embeddable":true,"href":"https:\/\/pgwear.net\/pl\/wp-json\/wp\/v2\/media\/62605"}],"wp:attachment":[{"href":"https:\/\/pgwear.net\/pl\/wp-json\/wp\/v2\/media?parent=62152"}],"wp:term":[{"taxonomy":"product_brand","embeddable":true,"href":"https:\/\/pgwear.net\/pl\/wp-json\/wp\/v2\/product_brand?post=62152"},{"taxonomy":"product_cat","embeddable":true,"href":"https:\/\/pgwear.net\/pl\/wp-json\/wp\/v2\/product_cat?post=62152"},{"taxonomy":"product_tag","embeddable":true,"href":"https:\/\/pgwear.net\/pl\/wp-json\/wp\/v2\/product_tag?post=62152"}],"curies":[{"name":"wp","href":"https:\/\/api.w.org\/{rel}","templated":true}]}}