{"id":62166,"date":"2023-02-13T13:45:36","date_gmt":"2023-02-13T12:45:36","guid":{"rendered":"https:\/\/pgwear.net\/p\/botbv2-t-shirt-awayday-black\/"},"modified":"2026-03-23T10:10:22","modified_gmt":"2026-03-23T09:10:22","slug":"botbv2-t-shirt-awayday-black","status":"publish","type":"product","link":"https:\/\/pgwear.net\/pl\/p\/botbv2-t-shirt-awayday-black\/","title":{"rendered":"T-shirt &#8220;Awayday&#8221; Black"},"content":{"rendered":"<p>Czy mo\u017cesz wyobrazi\u0107 sobie co\u015b lepszego ni\u017c sp\u0119dzenie weekendu poza domem, aby wesprze\u0107 swoj\u0105 ukochan\u0105 dru\u017cyn\u0119 pi\u0142karsk\u0105? My nie jeste\u015bmy! Bo najlepsze dni to <a href=\"https:\/\/pgwear.net\/pl\/feature\/wyjazd\/\">dni wyjazdowe<\/a>! Chwy\u0107 <a href=\"https:\/\/pgwear.net\/pl\/feature\/motyw-piwa\/\">piwo<\/a>, zbierz przyjaci\u00f3\u0142, wskocz do autobusu lub poci\u0105gu i przygotuj si\u0119 na przygod\u0119!<\/p>\n","protected":false},"excerpt":{"rendered":"<p>Czy mo\u017cesz wyobrazi\u0107 sobie co\u015b lepszego ni\u017c sp\u0119dzenie weekendu poza domem, aby wesprze\u0107 swoj\u0105 ukochan\u0105 dru\u017cyn\u0119 pi\u0142karsk\u0105?<\/p>\n","protected":false},"featured_media":62553,"template":"","meta":{"_acf_changed":false},"product_brand":[],"product_cat":[3496,376,372],"product_tag":[],"class_list":{"0":"post-62166","1":"product","2":"type-product","3":"status-publish","4":"has-post-thumbnail","6":"product_cat-casual","7":"product_cat-nowosci","8":"product_cat-t-shirty","9":"pa_gramatura-180-gr-m2","10":"pa_kolor-czarny","11":"pa_kroj-klasyczny","12":"pa_material-100-bawelna","13":"pa_nadruk-nadruk-na-klatce-piersiowej","14":"pa_rozmiar-l","15":"pa_rozmiar-m","16":"pa_rozmiar-s","17":"pa_rozmiar-xl","18":"pa_rozmiar-xxl","19":"pa_rozmiar-xxxl","20":"feature-wyjazd","22":"first","23":"instock","24":"taxable","25":"shipping-taxable","26":"purchasable","27":"product-type-variable"},"acf":[],"_links":{"self":[{"href":"https:\/\/pgwear.net\/pl\/wp-json\/wp\/v2\/product\/62166","targetHints":{"allow":["GET"]}}],"collection":[{"href":"https:\/\/pgwear.net\/pl\/wp-json\/wp\/v2\/product"}],"about":[{"href":"https:\/\/pgwear.net\/pl\/wp-json\/wp\/v2\/types\/product"}],"wp:featuredmedia":[{"embeddable":true,"href":"https:\/\/pgwear.net\/pl\/wp-json\/wp\/v2\/media\/62553"}],"wp:attachment":[{"href":"https:\/\/pgwear.net\/pl\/wp-json\/wp\/v2\/media?parent=62166"}],"wp:term":[{"taxonomy":"product_brand","embeddable":true,"href":"https:\/\/pgwear.net\/pl\/wp-json\/wp\/v2\/product_brand?post=62166"},{"taxonomy":"product_cat","embeddable":true,"href":"https:\/\/pgwear.net\/pl\/wp-json\/wp\/v2\/product_cat?post=62166"},{"taxonomy":"product_tag","embeddable":true,"href":"https:\/\/pgwear.net\/pl\/wp-json\/wp\/v2\/product_tag?post=62166"}],"curies":[{"name":"wp","href":"https:\/\/api.w.org\/{rel}","templated":true}]}}