{"id":62180,"date":"2023-02-13T13:45:39","date_gmt":"2023-02-13T12:45:39","guid":{"rendered":"https:\/\/pgwear.net\/p\/botbv2-t-shirt-banned-from-stadium\/"},"modified":"2026-03-17T14:34:42","modified_gmt":"2026-03-17T13:34:42","slug":"botbv2-t-shirt-banned-from-stadium","status":"publish","type":"product","link":"https:\/\/pgwear.net\/pl\/p\/botbv2-t-shirt-banned-from-stadium\/","title":{"rendered":"T-shirt &#8220;Banned from Stadium&#8221;"},"content":{"rendered":"<p>Niestety wszyscy mamy przyjaci\u00f3\u0142, kt\u00f3rzy nie mog\u0105 wej\u015b\u0107 na mecz. Jednak doskonale wiemy, \u017ce ci ludzie wspieraj\u0105 sw\u00f3j ukochany klub pi\u0142karski, czasem nawet bardziej ni\u017c ci, kt\u00f3rzy mog\u0105 wej\u015b\u0107 na trybuny! Nawet kiedy system zrobi\u0142 z nich outsider\u00f3w, nigdy nie zniszczy\u0142 ich mi\u0142o\u015bci do futbolu!<\/p>\n","protected":false},"excerpt":{"rendered":"<p>Niestety wszyscy mamy przyjaci\u00f3\u0142, kt\u00f3rzy nie mog\u0105 wej\u015b\u0107 na mecz. Jednak doskonale wiemy, \u017ce ci ludzie wspieraj\u0105 sw\u00f3j ukochany klub pi\u0142karski, czasem nawet bardziej ni\u017c ci, kt\u00f3rzy mog\u0105 wej\u015b\u0107 na trybuny!<\/p>\n","protected":false},"featured_media":62496,"template":"","meta":{"_acf_changed":false},"product_brand":[],"product_cat":[376,372],"product_tag":[3277,2837],"class_list":{"0":"post-62180","1":"product","2":"type-product","3":"status-publish","4":"has-post-thumbnail","6":"product_cat-nowosci","7":"product_cat-t-shirty","8":"product_tag-ostatnie-sztuki","9":"product_tag-sale","10":"pa_gramatura-180-gr-m2","11":"pa_kolor-granatowy","12":"pa_kroj-klasyczny","13":"pa_material-100-bawelna","14":"pa_nadruk-duzy-nadruk-na-klatce-piersiowej","15":"pa_rozmiar-l","16":"pa_rozmiar-m","17":"pa_rozmiar-s","18":"pa_rozmiar-xl","19":"pa_rozmiar-xxl","20":"pa_rozmiar-xxxl","22":"first","23":"instock","24":"sale","25":"taxable","26":"shipping-taxable","27":"purchasable","28":"product-type-variable"},"acf":[],"_links":{"self":[{"href":"https:\/\/pgwear.net\/pl\/wp-json\/wp\/v2\/product\/62180","targetHints":{"allow":["GET"]}}],"collection":[{"href":"https:\/\/pgwear.net\/pl\/wp-json\/wp\/v2\/product"}],"about":[{"href":"https:\/\/pgwear.net\/pl\/wp-json\/wp\/v2\/types\/product"}],"wp:featuredmedia":[{"embeddable":true,"href":"https:\/\/pgwear.net\/pl\/wp-json\/wp\/v2\/media\/62496"}],"wp:attachment":[{"href":"https:\/\/pgwear.net\/pl\/wp-json\/wp\/v2\/media?parent=62180"}],"wp:term":[{"taxonomy":"product_brand","embeddable":true,"href":"https:\/\/pgwear.net\/pl\/wp-json\/wp\/v2\/product_brand?post=62180"},{"taxonomy":"product_cat","embeddable":true,"href":"https:\/\/pgwear.net\/pl\/wp-json\/wp\/v2\/product_cat?post=62180"},{"taxonomy":"product_tag","embeddable":true,"href":"https:\/\/pgwear.net\/pl\/wp-json\/wp\/v2\/product_tag?post=62180"}],"curies":[{"name":"wp","href":"https:\/\/api.w.org\/{rel}","templated":true}]}}