{"id":62194,"date":"2023-02-13T13:45:43","date_gmt":"2023-02-13T12:45:43","guid":{"rendered":"https:\/\/pgwear.net\/p\/botbv2-t-shirt-from-father-to-son\/"},"modified":"2026-03-23T07:28:34","modified_gmt":"2026-03-23T06:28:34","slug":"botbv2-t-shirt-from-father-to-son","status":"publish","type":"product","link":"https:\/\/pgwear.net\/pl\/p\/botbv2-t-shirt-from-father-to-son\/","title":{"rendered":"T-shirt &#8220;From Father To Son&#8221;"},"content":{"rendered":"<p>Tradycje przekazywane z ojca na syna s\u0105 tymi, kt\u00f3re nigdy nie wychodz\u0105 z serca wi\u0119kszo\u015bci fanatyk\u00f3w pi\u0142ki no\u017cnej, ultras\u00f3w i chuligan\u00f3w. Jest wiele rzeczy, kt\u00f3re przekazali nam nasi ojcowie! Ale najwa\u017cniejsz\u0105 z nich jest zabranie pierwszy raz na stadion! FROM FATHER TO SON!<\/p>\n","protected":false},"excerpt":{"rendered":"<p>Tradycje przekazywane z ojca na syna s\u0105 tymi, kt\u00f3re nigdy nie wychodz\u0105 z serca wi\u0119kszo\u015bci fanatyk\u00f3w pi\u0142ki no\u017cnej, ultras\u00f3w i chuligan\u00f3w.<\/p>\n","protected":false},"featured_media":62394,"template":"","meta":{"_acf_changed":false},"product_brand":[],"product_cat":[376,372],"product_tag":[],"class_list":{"0":"post-62194","1":"product","2":"type-product","3":"status-publish","4":"has-post-thumbnail","6":"product_cat-nowosci","7":"product_cat-t-shirty","8":"pa_gramatura-180-gr-m2","9":"pa_kolor-czarny","10":"pa_kroj-klasyczny","11":"pa_material-100-bawelna","12":"pa_nadruk-duzy-nadruk-na-klatce-piersiowej","13":"pa_rozmiar-l","14":"pa_rozmiar-m","15":"pa_rozmiar-s","16":"pa_rozmiar-xl","17":"pa_rozmiar-xxl","18":"pa_rozmiar-xxxl","19":"feature-ojciec-i-syn","21":"first","22":"instock","23":"taxable","24":"shipping-taxable","25":"purchasable","26":"product-type-variable"},"acf":[],"_links":{"self":[{"href":"https:\/\/pgwear.net\/pl\/wp-json\/wp\/v2\/product\/62194","targetHints":{"allow":["GET"]}}],"collection":[{"href":"https:\/\/pgwear.net\/pl\/wp-json\/wp\/v2\/product"}],"about":[{"href":"https:\/\/pgwear.net\/pl\/wp-json\/wp\/v2\/types\/product"}],"wp:featuredmedia":[{"embeddable":true,"href":"https:\/\/pgwear.net\/pl\/wp-json\/wp\/v2\/media\/62394"}],"wp:attachment":[{"href":"https:\/\/pgwear.net\/pl\/wp-json\/wp\/v2\/media?parent=62194"}],"wp:term":[{"taxonomy":"product_brand","embeddable":true,"href":"https:\/\/pgwear.net\/pl\/wp-json\/wp\/v2\/product_brand?post=62194"},{"taxonomy":"product_cat","embeddable":true,"href":"https:\/\/pgwear.net\/pl\/wp-json\/wp\/v2\/product_cat?post=62194"},{"taxonomy":"product_tag","embeddable":true,"href":"https:\/\/pgwear.net\/pl\/wp-json\/wp\/v2\/product_tag?post=62194"}],"curies":[{"name":"wp","href":"https:\/\/api.w.org\/{rel}","templated":true}]}}