{"id":62201,"date":"2023-02-13T13:45:44","date_gmt":"2023-02-13T12:45:44","guid":{"rendered":"https:\/\/pgwear.net\/p\/botbv2-t-shirt-illegal-passion\/"},"modified":"2026-03-23T10:46:26","modified_gmt":"2026-03-23T09:46:26","slug":"botbv2-t-shirt-illegal-passion","status":"publish","type":"product","link":"https:\/\/pgwear.net\/pl\/p\/botbv2-t-shirt-illegal-passion\/","title":{"rendered":"T-shirt &#8220;Illegal Passion&#8221;"},"content":{"rendered":"<p>Ze wzgl\u0119du na nasz\u0105 pasj\u0119 otrzymujemy zakaz wst\u0119pu na wi\u0119kszo\u015b\u0107 stadion\u00f3w, jeste\u015bmy znienawidzeni przez \u015brodki masowego przekazu i spo\u0142ecze\u0144stwa w ca\u0142ej Europie. Ale <a href=\"https:\/\/pgwear.net\/pl\/feature\/motyw-pyro\/\">odpalanie pyro na trybunach<\/a> to spos\u00f3b na wspieranie ukochanej dru\u017cyny pi\u0142karskiej i wyraz pasji pi\u0142karskiej, kt\u00f3rej nigdy nie porzucimy!<\/p>\n","protected":false},"excerpt":{"rendered":"<p>Ze wzgl\u0119du na nasz\u0105 pasj\u0119 otrzymujemy zakaz wst\u0119pu na wi\u0119kszo\u015b\u0107 stadion\u00f3w, jeste\u015bmy znienawidzeni przez \u015brodki masowego przekazu i spo\u0142ecze\u0144stwa w ca\u0142ej Europie.<\/p>\n","protected":false},"featured_media":62700,"template":"","meta":{"_acf_changed":false},"product_brand":[],"product_cat":[376,372],"product_tag":[],"class_list":{"0":"post-62201","1":"product","2":"type-product","3":"status-publish","4":"has-post-thumbnail","6":"product_cat-nowosci","7":"product_cat-t-shirty","8":"pa_gramatura-180-gr-m2","9":"pa_kolor-czarny","10":"pa_kroj-klasyczny","11":"pa_material-100-bawelna","12":"pa_nadruk-duzy-nadruk-na-klatce-piersiowej","13":"pa_rozmiar-l","14":"pa_rozmiar-m","15":"pa_rozmiar-s","16":"pa_rozmiar-xl","17":"pa_rozmiar-xxl","18":"pa_rozmiar-xxxl","20":"first","21":"instock","22":"taxable","23":"shipping-taxable","24":"purchasable","25":"product-type-variable"},"acf":[],"_links":{"self":[{"href":"https:\/\/pgwear.net\/pl\/wp-json\/wp\/v2\/product\/62201","targetHints":{"allow":["GET"]}}],"collection":[{"href":"https:\/\/pgwear.net\/pl\/wp-json\/wp\/v2\/product"}],"about":[{"href":"https:\/\/pgwear.net\/pl\/wp-json\/wp\/v2\/types\/product"}],"wp:featuredmedia":[{"embeddable":true,"href":"https:\/\/pgwear.net\/pl\/wp-json\/wp\/v2\/media\/62700"}],"wp:attachment":[{"href":"https:\/\/pgwear.net\/pl\/wp-json\/wp\/v2\/media?parent=62201"}],"wp:term":[{"taxonomy":"product_brand","embeddable":true,"href":"https:\/\/pgwear.net\/pl\/wp-json\/wp\/v2\/product_brand?post=62201"},{"taxonomy":"product_cat","embeddable":true,"href":"https:\/\/pgwear.net\/pl\/wp-json\/wp\/v2\/product_cat?post=62201"},{"taxonomy":"product_tag","embeddable":true,"href":"https:\/\/pgwear.net\/pl\/wp-json\/wp\/v2\/product_tag?post=62201"}],"curies":[{"name":"wp","href":"https:\/\/api.w.org\/{rel}","templated":true}]}}