{"id":62208,"date":"2023-02-13T13:45:45","date_gmt":"2023-02-13T12:45:45","guid":{"rendered":"https:\/\/pgwear.net\/p\/botbv2-t-shirt-media-lies\/"},"modified":"2026-05-15T12:03:06","modified_gmt":"2026-05-15T10:03:06","slug":"botbv2-t-shirt-media-lies","status":"publish","type":"product","link":"https:\/\/pgwear.net\/pl\/p\/botbv2-t-shirt-media-lies\/","title":{"rendered":"T-shirt &#8220;Media Lies&#8221;"},"content":{"rendered":"<p>W \u015bwiecie ultras\u00f3w s\u0105 wrogowie wi\u0119ksi ni\u017c przeciwnicy innej dru\u017cyny pi\u0142karskiej. Jednym z nich s\u0105 media. Maj\u0105 tylko jeden cel \u2013 zdyskredytowa\u0107 warto\u015bci ultras\u00f3w i ruchu pi\u0142karskiego. Bez wzgl\u0119du na to, co robi\u0105 lub m\u00f3wi\u0105, wiemy, \u017ce MEDIA k\u0142ami\u0105!<\/p>\n","protected":false},"excerpt":{"rendered":"<p>W \u015bwiecie ultras\u00f3w s\u0105 wrogowie wi\u0119ksi ni\u017c przeciwnicy innej dru\u017cyny pi\u0142karskiej. Jednym z nich s\u0105 media. Maj\u0105 tylko jeden cel \u2013 zdyskredytowa\u0107 warto\u015bci ultras\u00f3w i ruchu pi\u0142karskiego.<\/p>\n","protected":false},"featured_media":62302,"template":"","meta":{"_acf_changed":false},"product_brand":[],"product_cat":[376,372],"product_tag":[],"class_list":{"0":"post-62208","1":"product","2":"type-product","3":"status-publish","4":"has-post-thumbnail","6":"product_cat-nowosci","7":"product_cat-t-shirty","8":"pa_gramatura-180-gr-m2","9":"pa_kolor-czarny","10":"pa_kroj-klasyczny","11":"pa_material-100-bawelna","12":"pa_nadruk-duzy-nadruk-na-klatce-piersiowej","13":"pa_rozmiar-l","14":"pa_rozmiar-m","15":"pa_rozmiar-s","16":"pa_rozmiar-xl","17":"pa_rozmiar-xxl","18":"pa_rozmiar-xxxl","19":"feature-motyw-pyro","21":"first","22":"instock","23":"sale","24":"taxable","25":"shipping-taxable","26":"purchasable","27":"product-type-variable"},"acf":[],"_links":{"self":[{"href":"https:\/\/pgwear.net\/pl\/wp-json\/wp\/v2\/product\/62208","targetHints":{"allow":["GET"]}}],"collection":[{"href":"https:\/\/pgwear.net\/pl\/wp-json\/wp\/v2\/product"}],"about":[{"href":"https:\/\/pgwear.net\/pl\/wp-json\/wp\/v2\/types\/product"}],"wp:featuredmedia":[{"embeddable":true,"href":"https:\/\/pgwear.net\/pl\/wp-json\/wp\/v2\/media\/62302"}],"wp:attachment":[{"href":"https:\/\/pgwear.net\/pl\/wp-json\/wp\/v2\/media?parent=62208"}],"wp:term":[{"taxonomy":"product_brand","embeddable":true,"href":"https:\/\/pgwear.net\/pl\/wp-json\/wp\/v2\/product_brand?post=62208"},{"taxonomy":"product_cat","embeddable":true,"href":"https:\/\/pgwear.net\/pl\/wp-json\/wp\/v2\/product_cat?post=62208"},{"taxonomy":"product_tag","embeddable":true,"href":"https:\/\/pgwear.net\/pl\/wp-json\/wp\/v2\/product_tag?post=62208"}],"curies":[{"name":"wp","href":"https:\/\/api.w.org\/{rel}","templated":true}]}}