{"id":62215,"date":"2023-02-13T13:45:46","date_gmt":"2023-02-13T12:45:46","guid":{"rendered":"https:\/\/pgwear.net\/p\/botbv2-t-shirt-nothing-else-matters\/"},"modified":"2026-03-27T13:31:28","modified_gmt":"2026-03-27T12:31:28","slug":"botbv2-t-shirt-nothing-else-matters","status":"publish","type":"product","link":"https:\/\/pgwear.net\/pl\/p\/botbv2-t-shirt-nothing-else-matters\/","title":{"rendered":"T-shirt &#8220;Nothing Else Matters&#8221;"},"content":{"rendered":"<p>Ta koszulka symbolizuje sprzeciw wobec nowoczesnego futbolu, a zarazem pokazuje co dla prawdziwych kibic\u00f3w pi\u0142karskich jest najwa\u017cniejsze i co jeszcze nie zosta\u0142o zniszczone przez pieni\u0105dze. To dla tych warto\u015bci \u017cyjemy, wspieraj\u0105c nasz\u0105 ukochan\u0105 dru\u017cyn\u0119 na trybunach u siebie jak i <a href=\"https:\/\/pgwear.net\/pl\/feature\/wyjazd\/\">na wyje\u017adzie<\/a>. I nic innego si\u0119 nie liczy!<\/p>\n","protected":false},"excerpt":{"rendered":"<p>Ta koszulka symbolizuje sprzeciw wobec nowoczesnego futbolu, a zarazem pokazuje co dla prawdziwych kibic\u00f3w pi\u0142karskich jest najwa\u017cniejsze i co jeszcze nie zosta\u0142o zniszczone przez pieni\u0105dze.<\/p>\n","protected":false},"featured_media":62697,"template":"","meta":{"_acf_changed":false},"product_brand":[],"product_cat":[3496,376,372],"product_tag":[],"class_list":{"0":"post-62215","1":"product","2":"type-product","3":"status-publish","4":"has-post-thumbnail","6":"product_cat-casual","7":"product_cat-nowosci","8":"product_cat-t-shirty","9":"pa_gramatura-180-gr-m2","10":"pa_kolor-bordowy","11":"pa_kroj-klasyczny","12":"pa_material-100-bawelna","13":"pa_nadruk-duzy-nadruk-na-klatce-piersiowej","14":"pa_rozmiar-l","15":"pa_rozmiar-m","16":"pa_rozmiar-s","17":"pa_rozmiar-xl","18":"pa_rozmiar-xxl","19":"pa_rozmiar-xxxl","20":"feature-motyw-pilki","22":"first","23":"instock","24":"taxable","25":"shipping-taxable","26":"purchasable","27":"product-type-variable"},"acf":[],"_links":{"self":[{"href":"https:\/\/pgwear.net\/pl\/wp-json\/wp\/v2\/product\/62215","targetHints":{"allow":["GET"]}}],"collection":[{"href":"https:\/\/pgwear.net\/pl\/wp-json\/wp\/v2\/product"}],"about":[{"href":"https:\/\/pgwear.net\/pl\/wp-json\/wp\/v2\/types\/product"}],"wp:featuredmedia":[{"embeddable":true,"href":"https:\/\/pgwear.net\/pl\/wp-json\/wp\/v2\/media\/62697"}],"wp:attachment":[{"href":"https:\/\/pgwear.net\/pl\/wp-json\/wp\/v2\/media?parent=62215"}],"wp:term":[{"taxonomy":"product_brand","embeddable":true,"href":"https:\/\/pgwear.net\/pl\/wp-json\/wp\/v2\/product_brand?post=62215"},{"taxonomy":"product_cat","embeddable":true,"href":"https:\/\/pgwear.net\/pl\/wp-json\/wp\/v2\/product_cat?post=62215"},{"taxonomy":"product_tag","embeddable":true,"href":"https:\/\/pgwear.net\/pl\/wp-json\/wp\/v2\/product_tag?post=62215"}],"curies":[{"name":"wp","href":"https:\/\/api.w.org\/{rel}","templated":true}]}}