{"id":62222,"date":"2023-02-13T13:45:47","date_gmt":"2023-02-13T12:45:47","guid":{"rendered":"https:\/\/pgwear.net\/p\/botbv2-t-shirt-never\/"},"modified":"2026-04-28T12:21:29","modified_gmt":"2026-04-28T10:21:29","slug":"botbv2-t-shirt-never","status":"publish","type":"product","link":"https:\/\/pgwear.net\/pl\/p\/botbv2-t-shirt-never\/","title":{"rendered":"T-shirt &#8220;Never&#8221;"},"content":{"rendered":"<p>S\u0142ynne has\u0142o <a href=\"https:\/\/pgwear.net\/pl\/feature\/youll-never-walk-alone\/\">YOU\u2019LL NEVER WALK ALONE<\/a> z Anfield zosta\u0142o umieszczone na koszulce PGWEAR. Sta\u0142o si\u0119 ono hymnem w\u015br\u00f3d ultras\u00f3w i fan\u00f3w pi\u0142ki no\u017cnej na ca\u0142ym \u015bwiecie i jest obecnie jednym z nieodzownych element\u00f3w kultury kibicowskiej! Niezale\u017cnie od tego,czy jest dobrze, czy \u017ale, ukochany klub pi\u0142karski b\u0119dzie zawsze wspierany przez najbardziej oddanych fan\u00f3w!<\/p>\n","protected":false},"excerpt":{"rendered":"<p>S\u0142ynne has\u0142o YOU\u2019LL NEVER WALK ALONE z Anfield zosta\u0142o umieszczone na koszulce PGWEAR. Sta\u0142o si\u0119 ono hymnem w\u015br\u00f3d ultras\u00f3w i fan\u00f3w pi\u0142ki no\u017cnej na ca\u0142ym \u015bwiecie i jest obecnie jednym z nieodzownych element\u00f3w kultury kibicowskiej!<\/p>\n","protected":false},"featured_media":62261,"template":"","meta":{"_acf_changed":false},"product_brand":[],"product_cat":[376,372],"product_tag":[],"class_list":{"0":"post-62222","1":"product","2":"type-product","3":"status-publish","4":"has-post-thumbnail","6":"product_cat-nowosci","7":"product_cat-t-shirty","8":"pa_gramatura-180-gr-m2","9":"pa_kolor-czarny","10":"pa_kroj-klasyczny","11":"pa_material-100-bawelna","12":"pa_nadruk-duzy-nadruk-na-plecach","13":"pa_nadruk-nadruk-na-sercu","14":"pa_rozmiar-l","15":"pa_rozmiar-m","16":"pa_rozmiar-s","17":"pa_rozmiar-xl","18":"pa_rozmiar-xxl","19":"pa_rozmiar-xxxl","20":"feature-wieniec-laurowy","21":"feature-youll-never-walk-alone","23":"first","24":"instock","25":"taxable","26":"shipping-taxable","27":"purchasable","28":"product-type-variable"},"acf":[],"_links":{"self":[{"href":"https:\/\/pgwear.net\/pl\/wp-json\/wp\/v2\/product\/62222","targetHints":{"allow":["GET"]}}],"collection":[{"href":"https:\/\/pgwear.net\/pl\/wp-json\/wp\/v2\/product"}],"about":[{"href":"https:\/\/pgwear.net\/pl\/wp-json\/wp\/v2\/types\/product"}],"wp:featuredmedia":[{"embeddable":true,"href":"https:\/\/pgwear.net\/pl\/wp-json\/wp\/v2\/media\/62261"}],"wp:attachment":[{"href":"https:\/\/pgwear.net\/pl\/wp-json\/wp\/v2\/media?parent=62222"}],"wp:term":[{"taxonomy":"product_brand","embeddable":true,"href":"https:\/\/pgwear.net\/pl\/wp-json\/wp\/v2\/product_brand?post=62222"},{"taxonomy":"product_cat","embeddable":true,"href":"https:\/\/pgwear.net\/pl\/wp-json\/wp\/v2\/product_cat?post=62222"},{"taxonomy":"product_tag","embeddable":true,"href":"https:\/\/pgwear.net\/pl\/wp-json\/wp\/v2\/product_tag?post=62222"}],"curies":[{"name":"wp","href":"https:\/\/api.w.org\/{rel}","templated":true}]}}