{"id":62229,"date":"2023-02-13T13:45:48","date_gmt":"2023-02-13T12:45:48","guid":{"rendered":"https:\/\/pgwear.net\/p\/botbv2-t-shirt-pyro-is-safe\/"},"modified":"2026-04-20T11:21:25","modified_gmt":"2026-04-20T09:21:25","slug":"botbv2-t-shirt-pyro-is-safe","status":"publish","type":"product","link":"https:\/\/pgwear.net\/pl\/p\/botbv2-t-shirt-pyro-is-safe\/","title":{"rendered":"T-shirt &#8220;Pyro is safe&#8221;"},"content":{"rendered":"<p>Od zagorza\u0142ego ultrasa po przypadkowego fana futbolu, od starego do m\u0142odego, <a href=\"https:\/\/pgwear.net\/pl\/feature\/ojciec-i-syn\/\">od ojca do syna<\/a> &#8211; wszyscy wiedz\u0105, \u017ce <a href=\"https:\/\/pgwear.net\/pl\/feature\/motyw-pyro\/\">PYRO NIE JEST ZBRODNI\u0104<\/a>! No\u015b dumnie koszulk\u0119 od PGWEAR i rozpowszechniaj to przes\u0142anie zar\u00f3wno na ulicy jak i na stadionie!<\/p>\n","protected":false},"excerpt":{"rendered":"<p>Od zagorza\u0142ego ultrasa po przypadkowego fana futbolu, od starego do m\u0142odego, od ojca do syna &#8211; wszyscy wiedz\u0105, \u017ce PYRO NIE JEST ZBRODNI\u0104!<\/p>\n","protected":false},"featured_media":62252,"template":"","meta":{"_acf_changed":false},"product_brand":[],"product_cat":[376,372],"product_tag":[],"class_list":{"0":"post-62229","1":"product","2":"type-product","3":"status-publish","4":"has-post-thumbnail","6":"product_cat-nowosci","7":"product_cat-t-shirty","8":"pa_gramatura-180-gr-m2","9":"pa_kolor-czarny","10":"pa_kroj-klasyczny","11":"pa_material-100-bawelna","12":"pa_nadruk-duzy-nadruk-na-klatce-piersiowej","13":"pa_rozmiar-l","14":"pa_rozmiar-m","15":"pa_rozmiar-s","16":"pa_rozmiar-xl","17":"pa_rozmiar-xxl","18":"pa_rozmiar-xxxl","19":"feature-motyw-pyro","20":"feature-ojciec-i-syn","22":"first","23":"instock","24":"taxable","25":"shipping-taxable","26":"purchasable","27":"product-type-variable"},"acf":[],"_links":{"self":[{"href":"https:\/\/pgwear.net\/pl\/wp-json\/wp\/v2\/product\/62229","targetHints":{"allow":["GET"]}}],"collection":[{"href":"https:\/\/pgwear.net\/pl\/wp-json\/wp\/v2\/product"}],"about":[{"href":"https:\/\/pgwear.net\/pl\/wp-json\/wp\/v2\/types\/product"}],"wp:featuredmedia":[{"embeddable":true,"href":"https:\/\/pgwear.net\/pl\/wp-json\/wp\/v2\/media\/62252"}],"wp:attachment":[{"href":"https:\/\/pgwear.net\/pl\/wp-json\/wp\/v2\/media?parent=62229"}],"wp:term":[{"taxonomy":"product_brand","embeddable":true,"href":"https:\/\/pgwear.net\/pl\/wp-json\/wp\/v2\/product_brand?post=62229"},{"taxonomy":"product_cat","embeddable":true,"href":"https:\/\/pgwear.net\/pl\/wp-json\/wp\/v2\/product_cat?post=62229"},{"taxonomy":"product_tag","embeddable":true,"href":"https:\/\/pgwear.net\/pl\/wp-json\/wp\/v2\/product_tag?post=62229"}],"curies":[{"name":"wp","href":"https:\/\/api.w.org\/{rel}","templated":true}]}}