{"id":62816,"date":"2023-02-15T10:41:16","date_gmt":"2023-02-15T09:41:16","guid":{"rendered":"https:\/\/pgwear.net\/p\/nrb23-czapka-baseballowa-no-respect\/"},"modified":"2026-04-08T12:24:15","modified_gmt":"2026-04-08T10:24:15","slug":"nrb23-czapka-baseballowa-no-respect","status":"publish","type":"product","link":"https:\/\/pgwear.net\/pl\/p\/nrb23-czapka-baseballowa-no-respect\/","title":{"rendered":"Czapka Baseballowa No Respect"},"content":{"rendered":"<p><a href=\"https:\/\/pgwear.net\/pl\/feature\/czapka-baseballowa\/\">Czapka z daszkiem<\/a> to niezast\u0105piony dodatek w szafie ka\u017cdego ultrasa i casualsa, kt\u00f3ry pasuje do wszystkich stylizacji! Przedstawiamy klasyczn\u0105 wersj\u0119 tego produktu, ozdobion\u0105 logo <a href=\"https:\/\/pgwear.net\/pl\/tag\/no-respect\/\">NO RESPECT<\/a> na przodzie czapki! No\u015b ja dumnie zar\u00f3wno na ulicy jak i na stadionie!<\/p>\n","protected":false},"excerpt":{"rendered":"<p>Czapka z daszkiem to niezast\u0105piony dodatek w szafie ka\u017cdego ultrasa i casualsa, kt\u00f3ry pasuje do wszystkich stylizacji!<\/p>\n","protected":false},"featured_media":63674,"template":"","meta":{"_acf_changed":false},"product_brand":[],"product_cat":[3508,374,376],"product_tag":[1974],"class_list":{"0":"post-62816","1":"product","2":"type-product","3":"status-publish","4":"has-post-thumbnail","6":"product_cat-baseballowe","7":"product_cat-czapki","8":"product_cat-nowosci","9":"product_tag-no-respect","10":"pa_kolor-czarny","11":"pa_material-100-bawelna","12":"feature-czapka-baseballowa","13":"feature-motyw-kominiarki","15":"first","16":"instock","17":"taxable","18":"shipping-taxable","19":"purchasable","20":"product-type-simple"},"acf":[],"_links":{"self":[{"href":"https:\/\/pgwear.net\/pl\/wp-json\/wp\/v2\/product\/62816","targetHints":{"allow":["GET"]}}],"collection":[{"href":"https:\/\/pgwear.net\/pl\/wp-json\/wp\/v2\/product"}],"about":[{"href":"https:\/\/pgwear.net\/pl\/wp-json\/wp\/v2\/types\/product"}],"wp:featuredmedia":[{"embeddable":true,"href":"https:\/\/pgwear.net\/pl\/wp-json\/wp\/v2\/media\/63674"}],"wp:attachment":[{"href":"https:\/\/pgwear.net\/pl\/wp-json\/wp\/v2\/media?parent=62816"}],"wp:term":[{"taxonomy":"product_brand","embeddable":true,"href":"https:\/\/pgwear.net\/pl\/wp-json\/wp\/v2\/product_brand?post=62816"},{"taxonomy":"product_cat","embeddable":true,"href":"https:\/\/pgwear.net\/pl\/wp-json\/wp\/v2\/product_cat?post=62816"},{"taxonomy":"product_tag","embeddable":true,"href":"https:\/\/pgwear.net\/pl\/wp-json\/wp\/v2\/product_tag?post=62816"}],"curies":[{"name":"wp","href":"https:\/\/api.w.org\/{rel}","templated":true}]}}