{"id":62824,"date":"2023-02-15T10:41:18","date_gmt":"2023-02-15T09:41:18","guid":{"rendered":"https:\/\/pgwear.net\/p\/nrb23-t-shirt-basic-no-respect-navy\/"},"modified":"2026-03-24T12:38:27","modified_gmt":"2026-03-24T11:38:27","slug":"nrb23-t-shirt-basic-no-respect-navy","status":"publish","type":"product","link":"https:\/\/pgwear.net\/pl\/p\/nrb23-t-shirt-basic-no-respect-navy\/","title":{"rendered":"T-shirt &#8220;Basic&#8221; No Respect Navy"},"content":{"rendered":"<p>Stw\u00f3rz w\u0142asn\u0105 podstawow\u0105 garderob\u0119 z produktami z kolekcji <a href=\"https:\/\/pgwear.net\/pl\/tag\/no-respect\/\">NO RESPECT<\/a>! Minimalistyczna, <a href=\"https:\/\/pgwear.net\/pl\/material\/100-bawelna\/\">bawe\u0142niana<\/a> <a href=\"https:\/\/pgwear.net\/pl\/c\/t-shirty\/\">koszulka<\/a> <a href=\"https:\/\/pgwear.net\/pl\/feature\/motyw-kominiarki\/\">ozdobiona logo z kominiark\u0119 na przodzie<\/a>. Ten element garderoby jest idealny dla ka\u017cdego fana pi\u0142ki no\u017cnej (i nie tylko!), kt\u00f3ry mo\u017cna nosi\u0107 zar\u00f3wno na ulicy, jak i na stadionie! Dost\u0119pny w trzech wersjach kolorystycznych.<\/p>\n","protected":false},"excerpt":{"rendered":"<p>Stw\u00f3rz w\u0142asn\u0105 podstawow\u0105 garderob\u0119 z produktami z kolekcji NO RESPECT! Minimalistyczna, bawe\u0142niana koszulka ozdobiona logo z kominiark\u0119 na przodzie.<\/p>\n","protected":false},"featured_media":63612,"template":"","meta":{"_acf_changed":false},"product_brand":[],"product_cat":[3497,376,372],"product_tag":[1974],"class_list":{"0":"post-62824","1":"product","2":"type-product","3":"status-publish","4":"has-post-thumbnail","6":"product_cat-no-respect","7":"product_cat-nowosci","8":"product_cat-t-shirty","9":"product_tag-no-respect","10":"pa_gramatura-180-gr-m2","11":"pa_kolor-granatowy","12":"pa_kroj-klasyczny","13":"pa_material-100-bawelna","14":"pa_rozmiar-l","15":"pa_rozmiar-m","16":"pa_rozmiar-s","17":"pa_rozmiar-xl","18":"pa_rozmiar-xxl","19":"pa_rozmiar-xxxl","20":"feature-motyw-kominiarki","22":"first","23":"instock","24":"taxable","25":"shipping-taxable","26":"purchasable","27":"product-type-variable"},"acf":[],"_links":{"self":[{"href":"https:\/\/pgwear.net\/pl\/wp-json\/wp\/v2\/product\/62824","targetHints":{"allow":["GET"]}}],"collection":[{"href":"https:\/\/pgwear.net\/pl\/wp-json\/wp\/v2\/product"}],"about":[{"href":"https:\/\/pgwear.net\/pl\/wp-json\/wp\/v2\/types\/product"}],"wp:featuredmedia":[{"embeddable":true,"href":"https:\/\/pgwear.net\/pl\/wp-json\/wp\/v2\/media\/63612"}],"wp:attachment":[{"href":"https:\/\/pgwear.net\/pl\/wp-json\/wp\/v2\/media?parent=62824"}],"wp:term":[{"taxonomy":"product_brand","embeddable":true,"href":"https:\/\/pgwear.net\/pl\/wp-json\/wp\/v2\/product_brand?post=62824"},{"taxonomy":"product_cat","embeddable":true,"href":"https:\/\/pgwear.net\/pl\/wp-json\/wp\/v2\/product_cat?post=62824"},{"taxonomy":"product_tag","embeddable":true,"href":"https:\/\/pgwear.net\/pl\/wp-json\/wp\/v2\/product_tag?post=62824"}],"curies":[{"name":"wp","href":"https:\/\/api.w.org\/{rel}","templated":true}]}}