{"id":62845,"date":"2023-02-15T10:41:21","date_gmt":"2023-02-15T09:41:21","guid":{"rendered":"https:\/\/pgwear.net\/p\/nrb23-t-shirt-berlin-no-respect-white\/"},"modified":"2026-04-10T11:00:23","modified_gmt":"2026-04-10T09:00:23","slug":"nrb23-t-shirt-berlin-no-respect-white","status":"publish","type":"product","link":"https:\/\/pgwear.net\/pl\/p\/nrb23-t-shirt-berlin-no-respect-white\/","title":{"rendered":"T-shirt &#8220;Berlin&#8221; No Respect White"},"content":{"rendered":"<p><a href=\"https:\/\/pgwear.net\/pl\/c\/t-shirty\/\">T-shirt<\/a> o klasycznym kroju wykonany <a href=\"https:\/\/pgwear.net\/pl\/material\/100-bawelna\/\">z wysokiej jako\u015bci bawe\u0142ny<\/a> z unikalnym nadrukiem. Ilustruje on wszystko, co sprawia, \u017ce \u200b\u200bserca ultras\u00f3w, chuligan\u00f3w i kibic\u00f3w bij\u0105 szybciej &#8211; mecz pi\u0142ki no\u017cnej, zadymy, policj\u0119 i <a href=\"https:\/\/pgwear.net\/pl\/feature\/wyjazd\/\">mecze wyjazdowe<\/a>! No\u015b dumnie produkty z kolekcji <a href=\"https:\/\/pgwear.net\/pl\/tag\/no-respect\/\">NO RESPECT<\/a> zar\u00f3wno na ulicy, jak i na stadionie!<\/p>\n","protected":false},"excerpt":{"rendered":"<p>T-shirt o klasycznym kroju wykonany z wysokiej jako\u015bci bawe\u0142ny z unikalnym nadrukiem.<\/p>\n","protected":false},"featured_media":63567,"template":"","meta":{"_acf_changed":false},"product_brand":[],"product_cat":[3497,376,372],"product_tag":[1974],"class_list":{"0":"post-62845","1":"product","2":"type-product","3":"status-publish","4":"has-post-thumbnail","6":"product_cat-no-respect","7":"product_cat-nowosci","8":"product_cat-t-shirty","9":"product_tag-no-respect","10":"pa_gramatura-180-gr-m2","11":"pa_kolor-bialy","12":"pa_kroj-klasyczny","13":"pa_material-100-bawelna","14":"pa_nadruk-duzy-nadruk-na-klatce-piersiowej","15":"pa_rozmiar-l","16":"pa_rozmiar-m","17":"pa_rozmiar-s","18":"pa_rozmiar-xl","19":"pa_rozmiar-xxl","20":"pa_rozmiar-xxxl","21":"feature-motyw-kominiarki","23":"first","24":"instock","25":"taxable","26":"shipping-taxable","27":"purchasable","28":"product-type-variable"},"acf":[],"_links":{"self":[{"href":"https:\/\/pgwear.net\/pl\/wp-json\/wp\/v2\/product\/62845","targetHints":{"allow":["GET"]}}],"collection":[{"href":"https:\/\/pgwear.net\/pl\/wp-json\/wp\/v2\/product"}],"about":[{"href":"https:\/\/pgwear.net\/pl\/wp-json\/wp\/v2\/types\/product"}],"wp:featuredmedia":[{"embeddable":true,"href":"https:\/\/pgwear.net\/pl\/wp-json\/wp\/v2\/media\/63567"}],"wp:attachment":[{"href":"https:\/\/pgwear.net\/pl\/wp-json\/wp\/v2\/media?parent=62845"}],"wp:term":[{"taxonomy":"product_brand","embeddable":true,"href":"https:\/\/pgwear.net\/pl\/wp-json\/wp\/v2\/product_brand?post=62845"},{"taxonomy":"product_cat","embeddable":true,"href":"https:\/\/pgwear.net\/pl\/wp-json\/wp\/v2\/product_cat?post=62845"},{"taxonomy":"product_tag","embeddable":true,"href":"https:\/\/pgwear.net\/pl\/wp-json\/wp\/v2\/product_tag?post=62845"}],"curies":[{"name":"wp","href":"https:\/\/api.w.org\/{rel}","templated":true}]}}