{"id":62852,"date":"2023-02-15T10:41:23","date_gmt":"2023-02-15T09:41:23","guid":{"rendered":"https:\/\/pgwear.net\/p\/nrb23-t-shirt-block-no-respect-black\/"},"modified":"2026-03-27T12:07:29","modified_gmt":"2026-03-27T11:07:29","slug":"nrb23-t-shirt-block-no-respect-black","status":"publish","type":"product","link":"https:\/\/pgwear.net\/pl\/p\/nrb23-t-shirt-block-no-respect-black\/","title":{"rendered":"T-shirt &#8220;Block&#8221; No Respect Black"},"content":{"rendered":"<p>Stw\u00f3rz podstawow\u0105 garderob\u0119 z produktami z linii <a href=\"https:\/\/pgwear.net\/pl\/no-respect\/\">NO RESPECT<\/a>! Minimalistyczna <a href=\"https:\/\/pgwear.net\/pl\/material\/100-bawelna\/\">bawe\u0142niana<\/a> <a href=\"https:\/\/pgwear.net\/pl\/c\/t-shirty\/\">koszulka<\/a> ozdobiona naszym sloganem na przodzie. Ten element garderoby to idealny produkt dla ka\u017cdego fana pi\u0142ki no\u017cnej (i nie tylko!), kt\u00f3ry mo\u017cna nosi\u0107 zar\u00f3wno na ulicy jak i na stadionie! Dost\u0119pny w dw\u00f3ch wersjach kolorystycznych.<\/p>\n","protected":false},"excerpt":{"rendered":"<p>Stw\u00f3rz podstawow\u0105 garderob\u0119 z produktami z linii NO RESPECT! Minimalistyczna bawe\u0142niana koszulka ozdobiona naszym sloganem na przodzie.<\/p>\n","protected":false},"featured_media":63500,"template":"","meta":{"_acf_changed":false},"product_brand":[],"product_cat":[3497,376,372],"product_tag":[1974],"class_list":{"0":"post-62852","1":"product","2":"type-product","3":"status-publish","4":"has-post-thumbnail","6":"product_cat-no-respect","7":"product_cat-nowosci","8":"product_cat-t-shirty","9":"product_tag-no-respect","10":"pa_gramatura-180-gr-m2","11":"pa_kolor-czarny","12":"pa_kroj-klasyczny","13":"pa_material-100-bawelna","14":"pa_nadruk-nadruk-na-klatce-piersiowej","15":"pa_rozmiar-l","16":"pa_rozmiar-m","17":"pa_rozmiar-s","18":"pa_rozmiar-xl","19":"pa_rozmiar-xxl","20":"pa_rozmiar-xxxl","21":"feature-motyw-kominiarki","23":"first","24":"instock","25":"taxable","26":"shipping-taxable","27":"purchasable","28":"product-type-variable"},"acf":[],"_links":{"self":[{"href":"https:\/\/pgwear.net\/pl\/wp-json\/wp\/v2\/product\/62852","targetHints":{"allow":["GET"]}}],"collection":[{"href":"https:\/\/pgwear.net\/pl\/wp-json\/wp\/v2\/product"}],"about":[{"href":"https:\/\/pgwear.net\/pl\/wp-json\/wp\/v2\/types\/product"}],"wp:featuredmedia":[{"embeddable":true,"href":"https:\/\/pgwear.net\/pl\/wp-json\/wp\/v2\/media\/63500"}],"wp:attachment":[{"href":"https:\/\/pgwear.net\/pl\/wp-json\/wp\/v2\/media?parent=62852"}],"wp:term":[{"taxonomy":"product_brand","embeddable":true,"href":"https:\/\/pgwear.net\/pl\/wp-json\/wp\/v2\/product_brand?post=62852"},{"taxonomy":"product_cat","embeddable":true,"href":"https:\/\/pgwear.net\/pl\/wp-json\/wp\/v2\/product_cat?post=62852"},{"taxonomy":"product_tag","embeddable":true,"href":"https:\/\/pgwear.net\/pl\/wp-json\/wp\/v2\/product_tag?post=62852"}],"curies":[{"name":"wp","href":"https:\/\/api.w.org\/{rel}","templated":true}]}}