{"id":62873,"date":"2023-02-15T10:41:26","date_gmt":"2023-02-15T09:41:26","guid":{"rendered":"https:\/\/pgwear.net\/p\/nrb23-t-shirt-lisbon-no-respect-white\/"},"modified":"2026-05-15T09:39:49","modified_gmt":"2026-05-15T07:39:49","slug":"nrb23-t-shirt-lisbon-no-respect-white","status":"publish","type":"product","link":"https:\/\/pgwear.net\/pl\/p\/nrb23-t-shirt-lisbon-no-respect-white\/","title":{"rendered":"T-shirt &#8220;Lisbon&#8221; No Respect White"},"content":{"rendered":"<p><a href=\"https:\/\/pgwear.net\/pl\/c\/t-shirty\/\">T-shirt<\/a> o <a href=\"https:\/\/pgwear.net\/pl\/kroj\/klasyczny\/\">klasycznym kroju<\/a> wykonany z <a href=\"https:\/\/pgwear.net\/pl\/material\/100-bawelna\/\">najwy\u017cszej jako\u015bci bawe\u0142ny<\/a> z wyj\u0105tkowym nadrukiem i sloganem. Odnosi si\u0119 on do wszystkiego, co sprawia, \u017ce \u200b\u200bserca ultras\u00f3w, chuligan\u00f3w i kibic\u00f3w bij\u0105 szybciej \u2013 mecz, zadymy, wrog\u00f3w, policj\u0119 oraz mecze wyjazdowe! No\u015b dumnie produkty NO RESPECT zar\u00f3wno na ulicy, jak i na stadionie!<\/p>\n","protected":false},"excerpt":{"rendered":"<p>T-shirt o klasycznym kroju wykonany z najwy\u017cszej jako\u015bci bawe\u0142ny z wyj\u0105tkowym nadrukiem i sloganem.<\/p>\n","protected":false},"featured_media":63457,"template":"","meta":{"_acf_changed":false},"product_brand":[],"product_cat":[3497,376,372],"product_tag":[1974],"class_list":{"0":"post-62873","1":"product","2":"type-product","3":"status-publish","4":"has-post-thumbnail","6":"product_cat-no-respect","7":"product_cat-nowosci","8":"product_cat-t-shirty","9":"product_tag-no-respect","10":"pa_gramatura-180-gr-m2","11":"pa_kolor-bialy","12":"pa_kroj-klasyczny","13":"pa_material-100-bawelna","14":"pa_nadruk-duzy-nadruk-na-klatce-piersiowej","15":"pa_rozmiar-l","16":"pa_rozmiar-m","17":"pa_rozmiar-s","18":"pa_rozmiar-xl","19":"pa_rozmiar-xxl","20":"pa_rozmiar-xxxl","21":"feature-motyw-kominiarki","23":"first","24":"outofstock","25":"taxable","26":"shipping-taxable","27":"product-type-variable"},"acf":[],"_links":{"self":[{"href":"https:\/\/pgwear.net\/pl\/wp-json\/wp\/v2\/product\/62873","targetHints":{"allow":["GET"]}}],"collection":[{"href":"https:\/\/pgwear.net\/pl\/wp-json\/wp\/v2\/product"}],"about":[{"href":"https:\/\/pgwear.net\/pl\/wp-json\/wp\/v2\/types\/product"}],"wp:featuredmedia":[{"embeddable":true,"href":"https:\/\/pgwear.net\/pl\/wp-json\/wp\/v2\/media\/63457"}],"wp:attachment":[{"href":"https:\/\/pgwear.net\/pl\/wp-json\/wp\/v2\/media?parent=62873"}],"wp:term":[{"taxonomy":"product_brand","embeddable":true,"href":"https:\/\/pgwear.net\/pl\/wp-json\/wp\/v2\/product_brand?post=62873"},{"taxonomy":"product_cat","embeddable":true,"href":"https:\/\/pgwear.net\/pl\/wp-json\/wp\/v2\/product_cat?post=62873"},{"taxonomy":"product_tag","embeddable":true,"href":"https:\/\/pgwear.net\/pl\/wp-json\/wp\/v2\/product_tag?post=62873"}],"curies":[{"name":"wp","href":"https:\/\/api.w.org\/{rel}","templated":true}]}}