{"id":62894,"date":"2023-02-15T10:41:30","date_gmt":"2023-02-15T09:41:30","guid":{"rendered":"https:\/\/pgwear.net\/p\/nrb23-t-shirt-slogan-no-respect-navy\/"},"modified":"2026-04-08T11:12:18","modified_gmt":"2026-04-08T09:12:18","slug":"t-shirt-slogan-no-respect-granatowy","status":"publish","type":"product","link":"https:\/\/pgwear.net\/pl\/p\/t-shirt-slogan-no-respect-granatowy\/","title":{"rendered":"T-shirt &#8220;Slogan&#8221; No Respect Granatowy"},"content":{"rendered":"<p>Stw\u00f3rz podstawow\u0105 garderob\u0119 z produktami z linii NO RESPECT! Minimalistyczna bawe\u0142niana koszulka SLOGAN ozdobiona naszym sloganem na przodzie. Ten przedmiot to idealny element garderoby ka\u017cdego fana pi\u0142ki no\u017cnej( i nie tylko!), kt\u00f3ry mo\u017cna nosi\u0107 zar\u00f3wno na ulicy jak i na stadionie! Dost\u0119pny w czterech wersjach kolorystycznych.<\/p>\n","protected":false},"excerpt":{"rendered":"<p>Stw\u00f3rz podstawow\u0105 garderob\u0119 z produktami z linii NO RESPECT! Minimalistyczna bawe\u0142niana koszulka SLOGAN ozdobiona naszym sloganem na przodzie.<\/p>\n","protected":false},"featured_media":63393,"template":"","meta":{"_acf_changed":false},"product_brand":[],"product_cat":[3497,376,372],"product_tag":[1974,3277],"class_list":{"0":"post-62894","1":"product","2":"type-product","3":"status-publish","4":"has-post-thumbnail","6":"product_cat-no-respect","7":"product_cat-nowosci","8":"product_cat-t-shirty","9":"product_tag-no-respect","10":"product_tag-ostatnie-sztuki","11":"pa_gramatura-180-gr-m2","12":"pa_kolor-granatowy","13":"pa_kroj-klasyczny","14":"pa_material-100-bawelna","15":"pa_nadruk-nadruk-na-klatce-piersiowej","16":"pa_rozmiar-l","17":"pa_rozmiar-m","18":"pa_rozmiar-s","19":"pa_rozmiar-xl","20":"pa_rozmiar-xxl","21":"pa_rozmiar-xxxl","22":"feature-motyw-kominiarki","24":"first","25":"instock","26":"sale","27":"taxable","28":"shipping-taxable","29":"purchasable","30":"product-type-variable"},"acf":[],"_links":{"self":[{"href":"https:\/\/pgwear.net\/pl\/wp-json\/wp\/v2\/product\/62894","targetHints":{"allow":["GET"]}}],"collection":[{"href":"https:\/\/pgwear.net\/pl\/wp-json\/wp\/v2\/product"}],"about":[{"href":"https:\/\/pgwear.net\/pl\/wp-json\/wp\/v2\/types\/product"}],"wp:featuredmedia":[{"embeddable":true,"href":"https:\/\/pgwear.net\/pl\/wp-json\/wp\/v2\/media\/63393"}],"wp:attachment":[{"href":"https:\/\/pgwear.net\/pl\/wp-json\/wp\/v2\/media?parent=62894"}],"wp:term":[{"taxonomy":"product_brand","embeddable":true,"href":"https:\/\/pgwear.net\/pl\/wp-json\/wp\/v2\/product_brand?post=62894"},{"taxonomy":"product_cat","embeddable":true,"href":"https:\/\/pgwear.net\/pl\/wp-json\/wp\/v2\/product_cat?post=62894"},{"taxonomy":"product_tag","embeddable":true,"href":"https:\/\/pgwear.net\/pl\/wp-json\/wp\/v2\/product_tag?post=62894"}],"curies":[{"name":"wp","href":"https:\/\/api.w.org\/{rel}","templated":true}]}}