{"id":62908,"date":"2023-02-15T10:41:32","date_gmt":"2023-02-15T09:41:32","guid":{"rendered":"https:\/\/pgwear.net\/p\/nrb23-polo-prime-no-respect-black\/"},"modified":"2026-04-17T11:57:24","modified_gmt":"2026-04-17T09:57:24","slug":"nrb23-polo-prime-no-respect-black","status":"publish","type":"product","link":"https:\/\/pgwear.net\/pl\/p\/nrb23-polo-prime-no-respect-black\/","title":{"rendered":"Polo &#8220;Prime&#8221; No Respect Black"},"content":{"rendered":"<p>Ikona casualowych klasyk\u00f3w od lat 80. do dzi\u015b &#8211; koszulka polo! Ozdobiona logo NO RESPECT! Jest to idealny element garderoby ka\u017cdego fana pi\u0142ki no\u017cnej, do noszenia na ulicy, na stadionie czy gdziekolwiek indziej! Dost\u0119pny w dw\u00f3ch wersjach kolorystycznych.<\/p>\n","protected":false},"excerpt":{"rendered":"<p>Ikona casualowych klasyk\u00f3w od lat 80. do dzi\u015b &#8211; koszulka polo! Ozdobiona logo NO RESPECT!!<\/p>\n","protected":false},"featured_media":63320,"template":"","meta":{"_acf_changed":false},"product_brand":[],"product_cat":[376,367],"product_tag":[1974],"class_list":{"0":"post-62908","1":"product","2":"type-product","3":"status-publish","4":"has-post-thumbnail","6":"product_cat-nowosci","7":"product_cat-polo","8":"product_tag-no-respect","9":"pa_gramatura-220-gr-m2","10":"pa_kolor-czarny","11":"pa_kroj-klasyczny","12":"pa_material-100-bawelna","13":"pa_rozmiar-l","14":"pa_rozmiar-m","15":"pa_rozmiar-s","16":"pa_rozmiar-xl","17":"pa_rozmiar-xxl","18":"pa_rozmiar-xxxl","19":"feature-motyw-kominiarki","21":"first","22":"instock","23":"taxable","24":"shipping-taxable","25":"purchasable","26":"product-type-variable"},"acf":[],"_links":{"self":[{"href":"https:\/\/pgwear.net\/pl\/wp-json\/wp\/v2\/product\/62908","targetHints":{"allow":["GET"]}}],"collection":[{"href":"https:\/\/pgwear.net\/pl\/wp-json\/wp\/v2\/product"}],"about":[{"href":"https:\/\/pgwear.net\/pl\/wp-json\/wp\/v2\/types\/product"}],"wp:featuredmedia":[{"embeddable":true,"href":"https:\/\/pgwear.net\/pl\/wp-json\/wp\/v2\/media\/63320"}],"wp:attachment":[{"href":"https:\/\/pgwear.net\/pl\/wp-json\/wp\/v2\/media?parent=62908"}],"wp:term":[{"taxonomy":"product_brand","embeddable":true,"href":"https:\/\/pgwear.net\/pl\/wp-json\/wp\/v2\/product_brand?post=62908"},{"taxonomy":"product_cat","embeddable":true,"href":"https:\/\/pgwear.net\/pl\/wp-json\/wp\/v2\/product_cat?post=62908"},{"taxonomy":"product_tag","embeddable":true,"href":"https:\/\/pgwear.net\/pl\/wp-json\/wp\/v2\/product_tag?post=62908"}],"curies":[{"name":"wp","href":"https:\/\/api.w.org\/{rel}","templated":true}]}}