{"id":62922,"date":"2023-02-15T10:41:34","date_gmt":"2023-02-15T09:41:34","guid":{"rendered":"https:\/\/pgwear.net\/p\/nrb23-polo-caesar-no-respect-black\/"},"modified":"2026-05-16T12:41:44","modified_gmt":"2026-05-16T10:41:44","slug":"nrb23-polo-caesar-no-respect-black","status":"publish","type":"product","link":"https:\/\/pgwear.net\/pl\/p\/nrb23-polo-caesar-no-respect-black\/","title":{"rendered":"Polo &#8220;Caesar&#8221; No Respect Black"},"content":{"rendered":"<p>Ikona casualowych klasyk\u00f3w od lat 80. do dzi\u015b &#8211; koszulka polo! Ozdobiona logo NO RESPECT! Jest to idealny element garderoby ka\u017cdego fana pi\u0142ki no\u017cnej, do noszenia na ulicy, na stadionie czy gdziekolwiek indziej! Dost\u0119pna w dw\u00f3ch wersjach kolorystycznych.<\/p>\n","protected":false},"excerpt":{"rendered":"<p>Ikona casualowych klasyk\u00f3w od lat 80. do dzi\u015b &#8211; koszulka polo! Ozdobiona logo NO RESPECT!<\/p>\n","protected":false},"featured_media":63271,"template":"","meta":{"_acf_changed":false},"product_brand":[],"product_cat":[376,367],"product_tag":[1974],"class_list":{"0":"post-62922","1":"product","2":"type-product","3":"status-publish","4":"has-post-thumbnail","6":"product_cat-nowosci","7":"product_cat-polo","8":"product_tag-no-respect","9":"pa_gramatura-220-gr-m2","10":"pa_kolor-czarny","11":"pa_kroj-klasyczny","12":"pa_material-100-bawelna","13":"pa_rozmiar-l","14":"pa_rozmiar-m","15":"pa_rozmiar-s","16":"pa_rozmiar-xl","17":"pa_rozmiar-xxl","18":"pa_rozmiar-xxxl","19":"feature-motyw-kominiarki","21":"first","22":"instock","23":"sale","24":"taxable","25":"shipping-taxable","26":"purchasable","27":"product-type-variable"},"acf":[],"_links":{"self":[{"href":"https:\/\/pgwear.net\/pl\/wp-json\/wp\/v2\/product\/62922","targetHints":{"allow":["GET"]}}],"collection":[{"href":"https:\/\/pgwear.net\/pl\/wp-json\/wp\/v2\/product"}],"about":[{"href":"https:\/\/pgwear.net\/pl\/wp-json\/wp\/v2\/types\/product"}],"wp:featuredmedia":[{"embeddable":true,"href":"https:\/\/pgwear.net\/pl\/wp-json\/wp\/v2\/media\/63271"}],"wp:attachment":[{"href":"https:\/\/pgwear.net\/pl\/wp-json\/wp\/v2\/media?parent=62922"}],"wp:term":[{"taxonomy":"product_brand","embeddable":true,"href":"https:\/\/pgwear.net\/pl\/wp-json\/wp\/v2\/product_brand?post=62922"},{"taxonomy":"product_cat","embeddable":true,"href":"https:\/\/pgwear.net\/pl\/wp-json\/wp\/v2\/product_cat?post=62922"},{"taxonomy":"product_tag","embeddable":true,"href":"https:\/\/pgwear.net\/pl\/wp-json\/wp\/v2\/product_tag?post=62922"}],"curies":[{"name":"wp","href":"https:\/\/api.w.org\/{rel}","templated":true}]}}