{"id":62943,"date":"2023-02-15T10:41:39","date_gmt":"2023-02-15T09:41:39","guid":{"rendered":"https:\/\/pgwear.net\/p\/nrb23-spodenki-cargo-script-no-respect-olive\/"},"modified":"2026-03-06T12:10:42","modified_gmt":"2026-03-06T11:10:42","slug":"nrb23-spodenki-cargo-script-no-respect-olive","status":"publish","type":"product","link":"https:\/\/pgwear.net\/pl\/p\/nrb23-spodenki-cargo-script-no-respect-olive\/","title":{"rendered":"Spodenki Cargo &#8220;Script&#8221; No Respect Olive"},"content":{"rendered":"<p>Nie od dzi\u015b wiadomo, \u017ce najlepsze spodnie dla fanatyk\u00f3w pi\u0142ki no\u017cnej to boj\u00f3wki! Ale co zrobi\u0107, gdy na zewn\u0105trz jest ciep\u0142o, a mimo to chcesz co\u015b zabra\u0107 par\u0119 rzeczy na stadion? NO RESPECT ma rozwi\u0105zanie \u2013 szorty cargo SCRIPT z kolekcji NO RESPECT! Wype\u0142nij kieszenie najwa\u017cniejszymi rzeczami i ruszaj zar\u00f3wno na ulic\u0119 jak i na stadion!<\/p>\n","protected":false},"excerpt":{"rendered":"<p>Nie od dzi\u015b wiadomo, \u017ce najlepsze spodnie dla fanatyk\u00f3w pi\u0142ki no\u017cnej to boj\u00f3wki!<\/p>\n","protected":false},"featured_media":63196,"template":"","meta":{"_acf_changed":false},"product_brand":[],"product_cat":[3506,376,369],"product_tag":[1974,3277],"class_list":{"0":"post-62943","1":"product","2":"type-product","3":"status-publish","4":"has-post-thumbnail","6":"product_cat-cargo-2","7":"product_cat-nowosci","8":"product_cat-spodenki","9":"product_tag-no-respect","10":"product_tag-ostatnie-sztuki","11":"pa_gramatura-180-gr-m2","12":"pa_kolor-oliwkowy","13":"pa_material-100-bawelna","14":"pa_rozmiar-l","15":"pa_rozmiar-m","16":"pa_rozmiar-s","17":"pa_rozmiar-xl","18":"pa_rozmiar-xxl","19":"pa_rozmiar-xxxl","20":"feature-bojowki","21":"feature-motyw-kominiarki","23":"first","24":"outofstock","25":"taxable","26":"shipping-taxable","27":"product-type-variable"},"acf":[],"_links":{"self":[{"href":"https:\/\/pgwear.net\/pl\/wp-json\/wp\/v2\/product\/62943","targetHints":{"allow":["GET"]}}],"collection":[{"href":"https:\/\/pgwear.net\/pl\/wp-json\/wp\/v2\/product"}],"about":[{"href":"https:\/\/pgwear.net\/pl\/wp-json\/wp\/v2\/types\/product"}],"wp:featuredmedia":[{"embeddable":true,"href":"https:\/\/pgwear.net\/pl\/wp-json\/wp\/v2\/media\/63196"}],"wp:attachment":[{"href":"https:\/\/pgwear.net\/pl\/wp-json\/wp\/v2\/media?parent=62943"}],"wp:term":[{"taxonomy":"product_brand","embeddable":true,"href":"https:\/\/pgwear.net\/pl\/wp-json\/wp\/v2\/product_brand?post=62943"},{"taxonomy":"product_cat","embeddable":true,"href":"https:\/\/pgwear.net\/pl\/wp-json\/wp\/v2\/product_cat?post=62943"},{"taxonomy":"product_tag","embeddable":true,"href":"https:\/\/pgwear.net\/pl\/wp-json\/wp\/v2\/product_tag?post=62943"}],"curies":[{"name":"wp","href":"https:\/\/api.w.org\/{rel}","templated":true}]}}