{"id":62950,"date":"2023-02-15T10:41:42","date_gmt":"2023-02-15T09:41:42","guid":{"rendered":"https:\/\/pgwear.net\/p\/nrb23-spodnie-dresowe-dynamic-no-respect\/"},"modified":"2026-04-16T12:12:19","modified_gmt":"2026-04-16T10:12:19","slug":"nrb23-spodnie-dresowe-dynamic-no-respect","status":"publish","type":"product","link":"https:\/\/pgwear.net\/pl\/p\/nrb23-spodnie-dresowe-dynamic-no-respect\/","title":{"rendered":"Spodnie dresowe &#8220;Dynamic&#8221; No Respect"},"content":{"rendered":"<p>Istnieje produkt, kt\u00f3ry \u0142\u0105czy w sobie trzy cechy: jako\u015b\u0107, styl i wygod\u0119! Tak, to spodnie dresowe! Niezale\u017cnie od tego, dok\u0105d idziesz, na miasto, stadion czy na si\u0142owni\u0119, dresy z kolekcji NO RESPECT to zawsze \u015bwietny wyb\u00f3r!<\/p>\n","protected":false},"excerpt":{"rendered":"<p>Istnieje produkt, kt\u00f3ry \u0142\u0105czy w sobie trzy cechy: jako\u015b\u0107, styl i wygod\u0119!<\/p>\n","protected":false},"featured_media":63113,"template":"","meta":{"_acf_changed":false},"product_brand":[],"product_cat":[3499,376,373],"product_tag":[1974],"class_list":{"0":"post-62950","1":"product","2":"type-product","3":"status-publish","4":"has-post-thumbnail","6":"product_cat-dresowe","7":"product_cat-nowosci","8":"product_cat-spodnie","9":"product_tag-no-respect","10":"pa_gramatura-290-gr-m2","11":"pa_kolor-czarny","12":"pa_kroj-klasyczny","13":"pa_material-100-bawelna","14":"pa_rozmiar-l","15":"pa_rozmiar-m","16":"pa_rozmiar-s","17":"pa_rozmiar-xl","18":"pa_rozmiar-xxl","19":"pa_rozmiar-xxxl","20":"feature-motyw-kominiarki","22":"first","23":"instock","24":"taxable","25":"shipping-taxable","26":"purchasable","27":"product-type-variable"},"acf":[],"_links":{"self":[{"href":"https:\/\/pgwear.net\/pl\/wp-json\/wp\/v2\/product\/62950","targetHints":{"allow":["GET"]}}],"collection":[{"href":"https:\/\/pgwear.net\/pl\/wp-json\/wp\/v2\/product"}],"about":[{"href":"https:\/\/pgwear.net\/pl\/wp-json\/wp\/v2\/types\/product"}],"wp:featuredmedia":[{"embeddable":true,"href":"https:\/\/pgwear.net\/pl\/wp-json\/wp\/v2\/media\/63113"}],"wp:attachment":[{"href":"https:\/\/pgwear.net\/pl\/wp-json\/wp\/v2\/media?parent=62950"}],"wp:term":[{"taxonomy":"product_brand","embeddable":true,"href":"https:\/\/pgwear.net\/pl\/wp-json\/wp\/v2\/product_brand?post=62950"},{"taxonomy":"product_cat","embeddable":true,"href":"https:\/\/pgwear.net\/pl\/wp-json\/wp\/v2\/product_cat?post=62950"},{"taxonomy":"product_tag","embeddable":true,"href":"https:\/\/pgwear.net\/pl\/wp-json\/wp\/v2\/product_tag?post=62950"}],"curies":[{"name":"wp","href":"https:\/\/api.w.org\/{rel}","templated":true}]}}