{"id":62957,"date":"2023-02-15T10:41:43","date_gmt":"2023-02-15T09:41:43","guid":{"rendered":"https:\/\/pgwear.net\/p\/nrb23-bluza-basic-no-respect\/"},"modified":"2026-04-28T11:33:44","modified_gmt":"2026-04-28T09:33:44","slug":"nrb23-bluza-basic-no-respect","status":"publish","type":"product","link":"https:\/\/pgwear.net\/pl\/p\/nrb23-bluza-basic-no-respect\/","title":{"rendered":"Bluza &#8220;Basic&#8221; No Respect"},"content":{"rendered":"<p>Jest to idealny produkt na ch\u0142odniejsze wieczory ze znajomymi w pubie lub na mecz wyjazdowy! Ta minimalistyczna cz\u0119\u015b\u0107 garderoby pasuje do ka\u017cdego rodzaju stroju, niezale\u017cnie od tego, czy jeste\u015b w domu, na wyje\u017adzie, na meczu, na randce, na ulicy lub na stadionie! Zaopatrz si\u0119 w bluz\u0119 z kolekcji NO RESPECT!<\/p>\n","protected":false},"excerpt":{"rendered":"<p>Jest to idealny produkt na ch\u0142odniejsze wieczory ze znajomymi w pubie lub na mecz wyjazdowy!<\/p>\n","protected":false},"featured_media":63091,"template":"","meta":{"_acf_changed":false},"product_brand":[],"product_cat":[371,3491,376],"product_tag":[1974],"class_list":{"0":"post-62957","1":"product","2":"type-product","3":"status-publish","4":"has-post-thumbnail","6":"product_cat-bluzy","7":"product_cat-bluzy-bez-kaptura","8":"product_cat-nowosci","9":"product_tag-no-respect","10":"pa_gramatura-290-gr-m2","11":"pa_kolor-czarny","12":"pa_kroj-klasyczny","13":"pa_material-100-bawelna","14":"pa_rozmiar-l","15":"pa_rozmiar-m","16":"pa_rozmiar-s","17":"pa_rozmiar-xl","18":"pa_rozmiar-xxl","19":"pa_rozmiar-xxxl","20":"feature-motyw-kominiarki","22":"first","23":"instock","24":"taxable","25":"shipping-taxable","26":"purchasable","27":"product-type-variable"},"acf":[],"_links":{"self":[{"href":"https:\/\/pgwear.net\/pl\/wp-json\/wp\/v2\/product\/62957","targetHints":{"allow":["GET"]}}],"collection":[{"href":"https:\/\/pgwear.net\/pl\/wp-json\/wp\/v2\/product"}],"about":[{"href":"https:\/\/pgwear.net\/pl\/wp-json\/wp\/v2\/types\/product"}],"wp:featuredmedia":[{"embeddable":true,"href":"https:\/\/pgwear.net\/pl\/wp-json\/wp\/v2\/media\/63091"}],"wp:attachment":[{"href":"https:\/\/pgwear.net\/pl\/wp-json\/wp\/v2\/media?parent=62957"}],"wp:term":[{"taxonomy":"product_brand","embeddable":true,"href":"https:\/\/pgwear.net\/pl\/wp-json\/wp\/v2\/product_brand?post=62957"},{"taxonomy":"product_cat","embeddable":true,"href":"https:\/\/pgwear.net\/pl\/wp-json\/wp\/v2\/product_cat?post=62957"},{"taxonomy":"product_tag","embeddable":true,"href":"https:\/\/pgwear.net\/pl\/wp-json\/wp\/v2\/product_tag?post=62957"}],"curies":[{"name":"wp","href":"https:\/\/api.w.org\/{rel}","templated":true}]}}