{"id":62978,"date":"2023-02-15T10:41:46","date_gmt":"2023-02-15T09:41:46","guid":{"rendered":"https:\/\/pgwear.net\/p\/nrb23-bluza-z-kominiarka-striker-no-respect\/"},"modified":"2026-04-27T12:33:32","modified_gmt":"2026-04-27T10:33:32","slug":"bluza-z-kominiarka-striker-no-respect","status":"publish","type":"product","link":"https:\/\/pgwear.net\/pl\/p\/bluza-z-kominiarka-striker-no-respect\/","title":{"rendered":"Bluza z kominiark\u0105 &#8220;Striker&#8221; No Respect"},"content":{"rendered":"<p>Legendarna rozpinana bluza <a href=\"https:\/\/pgwear.net\/pl\/tag\/no-respect\/\">NO RESPECT<\/a> z kominiark\u0105 wszyt\u0105 w ko\u0142nierz i obszern\u0105 kieszeni\u0105 z przodu. Wykonana z <a href=\"https:\/\/pgwear.net\/pl\/material\/100-bawelna\/\">najwy\u017cszej jako\u015bci materia\u0142\u00f3w<\/a> z dba\u0142o\u015bci\u0105 o ka\u017cdy szczeg\u00f3\u0142! Bez wzgl\u0119du na to, gdzie si\u0119 znajdujesz, ten produkt zapewni Ci anonimowo\u015b\u0107 przed policj\u0105 i kamerami CCTV zar\u00f3wno na ulicy, jak i na stadionie! Dost\u0119pna w sze\u015bciu wersjach kolorystycznych.,<\/p>\n","protected":false},"excerpt":{"rendered":"<p>Legendarna rozpinana bluza NO RESPECT z kominiark\u0105 wszyt\u0105 w ko\u0142nierz i obszern\u0105 kieszeni\u0105 z przodu. Wykonana z najwy\u017cszej jako\u015bci materia\u0142\u00f3w z dba\u0142o\u015bci\u0105 o ka\u017cdy szczeg\u00f3\u0142!.<\/p>\n","protected":false},"featured_media":63005,"template":"","meta":{"_acf_changed":false},"product_brand":[],"product_cat":[371,3490,3493,376],"product_tag":[1974],"class_list":{"0":"post-62978","1":"product","2":"type-product","3":"status-publish","4":"has-post-thumbnail","6":"product_cat-bluzy","7":"product_cat-bluzy-z-kapturem","8":"product_cat-bluzy-z-kominiarka","9":"product_cat-nowosci","10":"product_tag-no-respect","11":"pa_gramatura-340-gr-m2","12":"pa_kolor-czarny","13":"pa_kroj-klasyczny","14":"pa_material-100-bawelna","15":"pa_rozmiar-l","16":"pa_rozmiar-m","17":"pa_rozmiar-s","18":"pa_rozmiar-xl","19":"pa_rozmiar-xxl","20":"pa_rozmiar-xxxl","21":"feature-duza-kieszen","22":"feature-motyw-kominiarki","23":"feature-ukryta-kieszen","24":"feature-wbudowana-kominiarka","26":"first","27":"instock","28":"taxable","29":"shipping-taxable","30":"purchasable","31":"product-type-variable"},"acf":[],"_links":{"self":[{"href":"https:\/\/pgwear.net\/pl\/wp-json\/wp\/v2\/product\/62978","targetHints":{"allow":["GET"]}}],"collection":[{"href":"https:\/\/pgwear.net\/pl\/wp-json\/wp\/v2\/product"}],"about":[{"href":"https:\/\/pgwear.net\/pl\/wp-json\/wp\/v2\/types\/product"}],"wp:featuredmedia":[{"embeddable":true,"href":"https:\/\/pgwear.net\/pl\/wp-json\/wp\/v2\/media\/63005"}],"wp:attachment":[{"href":"https:\/\/pgwear.net\/pl\/wp-json\/wp\/v2\/media?parent=62978"}],"wp:term":[{"taxonomy":"product_brand","embeddable":true,"href":"https:\/\/pgwear.net\/pl\/wp-json\/wp\/v2\/product_brand?post=62978"},{"taxonomy":"product_cat","embeddable":true,"href":"https:\/\/pgwear.net\/pl\/wp-json\/wp\/v2\/product_cat?post=62978"},{"taxonomy":"product_tag","embeddable":true,"href":"https:\/\/pgwear.net\/pl\/wp-json\/wp\/v2\/product_tag?post=62978"}],"curies":[{"name":"wp","href":"https:\/\/api.w.org\/{rel}","templated":true}]}}