{"id":65985,"date":"2023-03-01T10:56:13","date_gmt":"2023-03-01T09:56:13","guid":{"rendered":"https:\/\/pgwear.net\/p\/ur23-bluza-basic-raglan-blue\/"},"modified":"2026-04-14T10:48:37","modified_gmt":"2026-04-14T08:48:37","slug":"ur23-bluza-basic-raglan-blue","status":"publish","type":"product","link":"https:\/\/pgwear.net\/pl\/p\/ur23-bluza-basic-raglan-blue\/","title":{"rendered":"Bluza &#8220;Basic Raglan&#8221; Blue"},"content":{"rendered":"<p>Minimalistyczna bluza to Must have w szafie ka\u017cdego ultrasa, chuligana czy zwyk\u0142ego fana pi\u0142ki no\u017cnej! Pasuje do ka\u017cdego stroju, bez wzgl\u0119du na to, czy jeste\u015b w domu, na wyje\u017adzie, na meczu lub randce, na ulicy lub na stadionie! Na ch\u0142odniejsze wieczory ze znajomymi w pubie lub na mecz wyjazdowy. Zgarnij bluz\u0119 RAGLAN od PGWEAR ULTRAS SHOP!<\/p>\n","protected":false},"excerpt":{"rendered":"<p>Minimalistyczna bluza to Must have w szafie ka\u017cdego ultrasa, chuligana czy zwyk\u0142ego fana pi\u0142ki no\u017cnej!<\/p>\n","protected":false},"featured_media":66121,"template":"","meta":{"_acf_changed":false},"product_brand":[],"product_cat":[371,3491,376],"product_tag":[3839,3277],"class_list":{"0":"post-65985","1":"product","2":"type-product","3":"status-publish","4":"has-post-thumbnail","6":"product_cat-bluzy","7":"product_cat-bluzy-bez-kaptura","8":"product_cat-nowosci","9":"product_tag-blue-monday","10":"product_tag-ostatnie-sztuki","11":"pa_gramatura-290-gr-m2","12":"pa_kolekcja-wiosna-lato-2023","13":"pa_kolor-niebieski","14":"pa_kroj-raglan","15":"pa_material-100-bawelna","16":"pa_rozmiar-l","17":"pa_rozmiar-m","18":"pa_rozmiar-s","19":"pa_rozmiar-xl","20":"pa_rozmiar-xxl","21":"pa_rozmiar-xxxl","23":"first","24":"instock","25":"sale","26":"taxable","27":"shipping-taxable","28":"purchasable","29":"product-type-variable"},"acf":[],"_links":{"self":[{"href":"https:\/\/pgwear.net\/pl\/wp-json\/wp\/v2\/product\/65985","targetHints":{"allow":["GET"]}}],"collection":[{"href":"https:\/\/pgwear.net\/pl\/wp-json\/wp\/v2\/product"}],"about":[{"href":"https:\/\/pgwear.net\/pl\/wp-json\/wp\/v2\/types\/product"}],"wp:featuredmedia":[{"embeddable":true,"href":"https:\/\/pgwear.net\/pl\/wp-json\/wp\/v2\/media\/66121"}],"wp:attachment":[{"href":"https:\/\/pgwear.net\/pl\/wp-json\/wp\/v2\/media?parent=65985"}],"wp:term":[{"taxonomy":"product_brand","embeddable":true,"href":"https:\/\/pgwear.net\/pl\/wp-json\/wp\/v2\/product_brand?post=65985"},{"taxonomy":"product_cat","embeddable":true,"href":"https:\/\/pgwear.net\/pl\/wp-json\/wp\/v2\/product_cat?post=65985"},{"taxonomy":"product_tag","embeddable":true,"href":"https:\/\/pgwear.net\/pl\/wp-json\/wp\/v2\/product_tag?post=65985"}],"curies":[{"name":"wp","href":"https:\/\/api.w.org\/{rel}","templated":true}]}}