{"id":67454,"date":"2023-03-08T08:42:41","date_gmt":"2023-03-08T07:42:41","guid":{"rendered":"https:\/\/pgwear.net\/p\/ss23e-track-top-boss-maroon\/"},"modified":"2026-03-23T07:23:19","modified_gmt":"2026-03-23T06:23:19","slug":"ss23e-track-top-boss-maroon","status":"publish","type":"product","link":"https:\/\/pgwear.net\/pl\/p\/ss23e-track-top-boss-maroon\/","title":{"rendered":"Track Top &#8220;Boss&#8221; Maroon"},"content":{"rendered":"<p>Track Top sta\u0142 si\u0119 bardzo popularny w\u015br\u00f3d pi\u0142karskich casuals\u00f3w w latach 80. i do te pory jest ponadczasowym klasykiem! Tym razem uszyli\u015bmy t\u0105 bluz\u0119 z najwy\u017cszej jako\u015bci tkaniny b\u0119d\u0105cej mieszank\u0105 bawe\u0142ny i poliestru. Wygoda, ciep\u0142o (w te ch\u0142odniejsze wiosenne lub letnie dni) i styl gwarantowane przez PGWEAR ULTRAS SHOP! Wybierz swoj\u0105 ulubion\u0105 kolorystyk\u0119 spo\u015br\u00f3d sze\u015bciu dost\u0119pnych i no\u015b ten produkt z dum\u0105 zar\u00f3wno na ulicy, jak i na stadionie!<\/p>\n","protected":false},"excerpt":{"rendered":"<p>Track Top sta\u0142 si\u0119 bardzo popularny w\u015br\u00f3d pi\u0142karskich casuals\u00f3w w latach 80. i do te pory jest ponadczasowym klasykiem!<\/p>\n","protected":false},"featured_media":67668,"template":"","meta":{"_acf_changed":false},"product_brand":[],"product_cat":[371,376,3492],"product_tag":[2125],"class_list":{"0":"post-67454","1":"product","2":"type-product","3":"status-publish","4":"has-post-thumbnail","6":"product_cat-bluzy","7":"product_cat-nowosci","8":"product_cat-track-topy","9":"product_tag-retro","10":"pa_gramatura-280-gr-m2","11":"pa_kolekcja-wiosna-lato-2023","12":"pa_kolor-bordowy","13":"pa_kroj-klasyczny","14":"pa_material-40-poliester","15":"pa_material-60-bawelna","16":"pa_rozmiar-l","17":"pa_rozmiar-m","18":"pa_rozmiar-s","19":"pa_rozmiar-xl","20":"pa_rozmiar-xxl","21":"pa_rozmiar-xxxl","23":"first","24":"outofstock","25":"taxable","26":"shipping-taxable","27":"product-type-variable"},"acf":[],"_links":{"self":[{"href":"https:\/\/pgwear.net\/pl\/wp-json\/wp\/v2\/product\/67454","targetHints":{"allow":["GET"]}}],"collection":[{"href":"https:\/\/pgwear.net\/pl\/wp-json\/wp\/v2\/product"}],"about":[{"href":"https:\/\/pgwear.net\/pl\/wp-json\/wp\/v2\/types\/product"}],"wp:featuredmedia":[{"embeddable":true,"href":"https:\/\/pgwear.net\/pl\/wp-json\/wp\/v2\/media\/67668"}],"wp:attachment":[{"href":"https:\/\/pgwear.net\/pl\/wp-json\/wp\/v2\/media?parent=67454"}],"wp:term":[{"taxonomy":"product_brand","embeddable":true,"href":"https:\/\/pgwear.net\/pl\/wp-json\/wp\/v2\/product_brand?post=67454"},{"taxonomy":"product_cat","embeddable":true,"href":"https:\/\/pgwear.net\/pl\/wp-json\/wp\/v2\/product_cat?post=67454"},{"taxonomy":"product_tag","embeddable":true,"href":"https:\/\/pgwear.net\/pl\/wp-json\/wp\/v2\/product_tag?post=67454"}],"curies":[{"name":"wp","href":"https:\/\/api.w.org\/{rel}","templated":true}]}}