{"id":68911,"date":"2023-03-16T09:49:59","date_gmt":"2023-03-16T08:49:59","guid":{"rendered":"https:\/\/pgwear.net\/p\/aw23-rekawiczki-snowstorm-black\/"},"modified":"2026-04-03T09:23:12","modified_gmt":"2026-04-03T07:23:12","slug":"aw23-rekawiczki-snowstorm-black","status":"publish","type":"product","link":"https:\/\/pgwear.net\/pl\/p\/aw23-rekawiczki-snowstorm-black\/","title":{"rendered":"R\u0119kawiczki &#8220;Snowstorm&#8221; Black"},"content":{"rendered":"<p>Ka\u017cdy wie, \u017ce tkanina softshell to prawdziwa magia! Dlatego PGWEAR wyprodukowa\u0142 najbardziej po\u017c\u0105dany dodatek garderoby na ch\u0142odniejsze dni! R\u0119kawiczki softshellowe! Chro\u0144 r\u0119ce przed ch\u0142odem zar\u00f3wno na ulicy jak i na stadionie!<\/p>\n","protected":false},"excerpt":{"rendered":"<p>Ka\u017cdy wie, \u017ce tkanina softshell to prawdziwa magia! Dlatego PGWEAR wyprodukowa\u0142 najbardziej po\u017c\u0105dany dodatek garderoby na ch\u0142odniejsze dni!<\/p>\n","protected":false},"featured_media":89048,"template":"","meta":{"_acf_changed":false},"product_brand":[],"product_cat":[3517],"product_tag":[2297],"class_list":{"0":"post-68911","1":"product","2":"type-product","3":"status-publish","4":"has-post-thumbnail","6":"product_cat-rekawiczki","7":"product_tag-jesien-zima-2023","8":"pa_gramatura-200-gr-m2","9":"pa_kolekcja-jesien-zima-2023","10":"pa_kolor-czarny","11":"pa_material-100-poliester","12":"feature-rekawiczki","14":"first","15":"instock","16":"taxable","17":"shipping-taxable","18":"purchasable","19":"product-type-simple"},"acf":[],"_links":{"self":[{"href":"https:\/\/pgwear.net\/pl\/wp-json\/wp\/v2\/product\/68911","targetHints":{"allow":["GET"]}}],"collection":[{"href":"https:\/\/pgwear.net\/pl\/wp-json\/wp\/v2\/product"}],"about":[{"href":"https:\/\/pgwear.net\/pl\/wp-json\/wp\/v2\/types\/product"}],"wp:featuredmedia":[{"embeddable":true,"href":"https:\/\/pgwear.net\/pl\/wp-json\/wp\/v2\/media\/89048"}],"wp:attachment":[{"href":"https:\/\/pgwear.net\/pl\/wp-json\/wp\/v2\/media?parent=68911"}],"wp:term":[{"taxonomy":"product_brand","embeddable":true,"href":"https:\/\/pgwear.net\/pl\/wp-json\/wp\/v2\/product_brand?post=68911"},{"taxonomy":"product_cat","embeddable":true,"href":"https:\/\/pgwear.net\/pl\/wp-json\/wp\/v2\/product_cat?post=68911"},{"taxonomy":"product_tag","embeddable":true,"href":"https:\/\/pgwear.net\/pl\/wp-json\/wp\/v2\/product_tag?post=68911"}],"curies":[{"name":"wp","href":"https:\/\/api.w.org\/{rel}","templated":true}]}}