{"id":68915,"date":"2023-03-16T09:50:00","date_gmt":"2023-03-16T08:50:00","guid":{"rendered":"https:\/\/pgwear.net\/p\/aw23-pasek-skorzany-shield-black\/"},"modified":"2026-03-06T11:57:58","modified_gmt":"2026-03-06T10:57:58","slug":"aw23-pasek-skorzany-shield-black","status":"publish","type":"product","link":"https:\/\/pgwear.net\/pl\/p\/aw23-pasek-skorzany-shield-black\/","title":{"rendered":"Pasek sk\u00f3rzany &#8220;Shield&#8221; Black"},"content":{"rendered":"<p>Styl Ultras to styl, w kt\u00f3rym swobodna estetyka spotyka si\u0119 z funkcjonalno\u015bci\u0105 i wygod\u0105, niezb\u0119dn\u0105 zar\u00f3wno na ulicy, jak i na stadionie! Nigdy nie jest kompletna bez dobrego akcesorium. Z dum\u0105 prezentujemy pasek SHIELD od PGWEAR, kt\u00f3ry jest idealnym dodatkiem do garderoby ka\u017cdego fana pi\u0142ki no\u017cnej! Wykonany ze sk\u00f3ry naturalnej z symbolem gryfa na sprz\u0105czce.<\/p>\n","protected":false},"excerpt":{"rendered":"<p>Styl Ultras to styl, w kt\u00f3rym swobodna estetyka spotyka si\u0119 z funkcjonalno\u015bci\u0105 i wygod\u0105, niezb\u0119dn\u0105 zar\u00f3wno na ulicy, jak i na stadionie!<\/p>\n","protected":false},"featured_media":95255,"template":"","meta":{"_acf_changed":false},"product_brand":[],"product_cat":[3522],"product_tag":[2297,3277,2837],"class_list":{"0":"post-68915","1":"product","2":"type-product","3":"status-publish","4":"has-post-thumbnail","6":"product_cat-paski","7":"product_tag-jesien-zima-2023","8":"product_tag-ostatnie-sztuki","9":"product_tag-sale","10":"pa_kolekcja-jesien-zima-2023","11":"pa_material-skora-naturalna","12":"pa_rozmiar-115cm","13":"pa_rozmiar-130cm","14":"feature-pasek","16":"first","17":"outofstock","18":"taxable","19":"shipping-taxable","20":"product-type-variable"},"acf":[],"_links":{"self":[{"href":"https:\/\/pgwear.net\/pl\/wp-json\/wp\/v2\/product\/68915","targetHints":{"allow":["GET"]}}],"collection":[{"href":"https:\/\/pgwear.net\/pl\/wp-json\/wp\/v2\/product"}],"about":[{"href":"https:\/\/pgwear.net\/pl\/wp-json\/wp\/v2\/types\/product"}],"wp:featuredmedia":[{"embeddable":true,"href":"https:\/\/pgwear.net\/pl\/wp-json\/wp\/v2\/media\/95255"}],"wp:attachment":[{"href":"https:\/\/pgwear.net\/pl\/wp-json\/wp\/v2\/media?parent=68915"}],"wp:term":[{"taxonomy":"product_brand","embeddable":true,"href":"https:\/\/pgwear.net\/pl\/wp-json\/wp\/v2\/product_brand?post=68915"},{"taxonomy":"product_cat","embeddable":true,"href":"https:\/\/pgwear.net\/pl\/wp-json\/wp\/v2\/product_cat?post=68915"},{"taxonomy":"product_tag","embeddable":true,"href":"https:\/\/pgwear.net\/pl\/wp-json\/wp\/v2\/product_tag?post=68915"}],"curies":[{"name":"wp","href":"https:\/\/api.w.org\/{rel}","templated":true}]}}