{"id":68918,"date":"2023-03-16T09:50:00","date_gmt":"2023-03-16T08:50:00","guid":{"rendered":"https:\/\/pgwear.net\/p\/aw23-torba-na-ramie-reporter-black\/"},"modified":"2026-04-13T10:00:16","modified_gmt":"2026-04-13T08:00:16","slug":"aw23-torba-na-ramie-reporter-black","status":"publish","type":"product","link":"https:\/\/pgwear.net\/pl\/p\/aw23-torba-na-ramie-reporter-black\/","title":{"rendered":"Torba na rami\u0119 &#8220;Reporter&#8221; Black"},"content":{"rendered":"<p>Bilet, karta kredytowa, klucze i kilka najwa\u017cniejszych rzeczy \u2013 to wszystko, co musisz mie\u0107 ze sob\u0105 na ulicy lub na stadionie w dniu meczu! A to wszystko zmie\u015bci si\u0119 do ma\u0142ej torby PGWEAR REPORTER! Dost\u0119pna w najbardziej uniwersalnym kolorze &#8211; czarnym!<\/p>\n","protected":false},"excerpt":{"rendered":"<p>Bilet, karta kredytowa, klucze i kilka najwa\u017cniejszych rzeczy \u2013 to wszystko, co musisz mie\u0107 ze sob\u0105 na ulicy lub na stadionie w dniu meczu!<\/p>\n","protected":false},"featured_media":89060,"template":"","meta":{"_acf_changed":false},"product_brand":[],"product_cat":[375,3515],"product_tag":[2297,2837],"class_list":{"0":"post-68918","1":"product","2":"type-product","3":"status-publish","4":"has-post-thumbnail","6":"product_cat-akcesoria","7":"product_cat-torby-na-ramie","8":"product_tag-jesien-zima-2023","9":"product_tag-sale","10":"pa_gramatura-280-gr-m2","11":"pa_kolekcja-jesien-zima-2023","12":"pa_kolor-czarny","13":"pa_material-100-poliester","15":"first","16":"instock","17":"taxable","18":"shipping-taxable","19":"purchasable","20":"product-type-simple"},"acf":[],"_links":{"self":[{"href":"https:\/\/pgwear.net\/pl\/wp-json\/wp\/v2\/product\/68918","targetHints":{"allow":["GET"]}}],"collection":[{"href":"https:\/\/pgwear.net\/pl\/wp-json\/wp\/v2\/product"}],"about":[{"href":"https:\/\/pgwear.net\/pl\/wp-json\/wp\/v2\/types\/product"}],"wp:featuredmedia":[{"embeddable":true,"href":"https:\/\/pgwear.net\/pl\/wp-json\/wp\/v2\/media\/89060"}],"wp:attachment":[{"href":"https:\/\/pgwear.net\/pl\/wp-json\/wp\/v2\/media?parent=68918"}],"wp:term":[{"taxonomy":"product_brand","embeddable":true,"href":"https:\/\/pgwear.net\/pl\/wp-json\/wp\/v2\/product_brand?post=68918"},{"taxonomy":"product_cat","embeddable":true,"href":"https:\/\/pgwear.net\/pl\/wp-json\/wp\/v2\/product_cat?post=68918"},{"taxonomy":"product_tag","embeddable":true,"href":"https:\/\/pgwear.net\/pl\/wp-json\/wp\/v2\/product_tag?post=68918"}],"curies":[{"name":"wp","href":"https:\/\/api.w.org\/{rel}","templated":true}]}}