{"id":68920,"date":"2023-03-16T09:50:01","date_gmt":"2023-03-16T08:50:01","guid":{"rendered":"https:\/\/pgwear.net\/p\/aw23-torba-na-pas-tactical-black\/"},"modified":"2026-03-20T12:21:10","modified_gmt":"2026-03-20T11:21:10","slug":"aw23-torba-na-pas-tactical-black","status":"publish","type":"product","link":"https:\/\/pgwear.net\/pl\/p\/aw23-torba-na-pas-tactical-black\/","title":{"rendered":"Torba na pas &#8220;Tactical&#8221; Black"},"content":{"rendered":"<p>Zabierz ze sob\u0105 wszystkie potrzebne rzeczy na miasto lub na mecz i trzymaj je w torbie na pas od PGWEAR! To akcesorium uzupe\u0142ni ka\u017cd\u0105 garderob\u0119, pocz\u0105wszy od maniak\u00f3w mody casual, a\u017c po zagorza\u0142ych fanatyk\u00f3w pi\u0142ki no\u017cnej, ultras\u00f3w czy chuligan\u00f3w!<\/p>\n","protected":false},"excerpt":{"rendered":"<p>Zabierz ze sob\u0105 wszystkie potrzebne rzeczy na miasto lub na mecz i trzymaj je w torbie na pas od PGWEAR!<\/p>\n","protected":false},"featured_media":89179,"template":"","meta":{"_acf_changed":false},"product_brand":[],"product_cat":[3514],"product_tag":[2297,2837],"class_list":{"0":"post-68920","1":"product","2":"type-product","3":"status-publish","4":"has-post-thumbnail","6":"product_cat-torby-na-pas","7":"product_tag-jesien-zima-2023","8":"product_tag-sale","9":"pa_gramatura-80-gr-m2","10":"pa_kolekcja-jesien-zima-2023","11":"pa_material-100-poliester","13":"first","14":"instock","15":"taxable","16":"shipping-taxable","17":"purchasable","18":"product-type-simple"},"acf":[],"_links":{"self":[{"href":"https:\/\/pgwear.net\/pl\/wp-json\/wp\/v2\/product\/68920","targetHints":{"allow":["GET"]}}],"collection":[{"href":"https:\/\/pgwear.net\/pl\/wp-json\/wp\/v2\/product"}],"about":[{"href":"https:\/\/pgwear.net\/pl\/wp-json\/wp\/v2\/types\/product"}],"wp:featuredmedia":[{"embeddable":true,"href":"https:\/\/pgwear.net\/pl\/wp-json\/wp\/v2\/media\/89179"}],"wp:attachment":[{"href":"https:\/\/pgwear.net\/pl\/wp-json\/wp\/v2\/media?parent=68920"}],"wp:term":[{"taxonomy":"product_brand","embeddable":true,"href":"https:\/\/pgwear.net\/pl\/wp-json\/wp\/v2\/product_brand?post=68920"},{"taxonomy":"product_cat","embeddable":true,"href":"https:\/\/pgwear.net\/pl\/wp-json\/wp\/v2\/product_cat?post=68920"},{"taxonomy":"product_tag","embeddable":true,"href":"https:\/\/pgwear.net\/pl\/wp-json\/wp\/v2\/product_tag?post=68920"}],"curies":[{"name":"wp","href":"https:\/\/api.w.org\/{rel}","templated":true}]}}