{"id":68930,"date":"2023-03-16T09:50:02","date_gmt":"2023-03-16T08:50:02","guid":{"rendered":"https:\/\/pgwear.net\/p\/aw23-czapka-zimowa-docker-red\/"},"modified":"2026-03-16T11:53:21","modified_gmt":"2026-03-16T10:53:21","slug":"aw23-czapka-zimowa-docker-red","status":"publish","type":"product","link":"https:\/\/pgwear.net\/pl\/p\/aw23-czapka-zimowa-docker-red\/","title":{"rendered":"Czapka zimowa &#8220;Docker&#8221; Red"},"content":{"rendered":"<p>To klasyczna ciep\u0142a czapka zimowa, kt\u00f3ra ochroni Twoj\u0105 g\u0142ow\u0119 przed ch\u0142odem i b\u0119dzie dobrze wygl\u0105da\u0107 zar\u00f3wno na ulicy, jak i na stadionie! Kolor jest idealny dla tych, kt\u00f3rzy kibicuj\u0105 klubom pi\u0142karskim, takim jak Feyenoord Rotterdam, Olympiakos FC, Calcio Foggia 1920.<\/p>\n","protected":false},"excerpt":{"rendered":"<p>To klasyczna ciep\u0142a czapka zimowa, kt\u00f3ra ochroni Twoj\u0105 g\u0142ow\u0119 przed ch\u0142odem i b\u0119dzie dobrze wygl\u0105da\u0107 zar\u00f3wno na ulicy, jak i na stadionie!<\/p>\n","protected":false},"featured_media":89264,"template":"","meta":{"_acf_changed":false},"product_brand":[],"product_cat":[374],"product_tag":[3839,2297,3277,2837],"class_list":{"0":"post-68930","1":"product","2":"type-product","3":"status-publish","4":"has-post-thumbnail","6":"product_cat-czapki","7":"product_tag-blue-monday","8":"product_tag-jesien-zima-2023","9":"product_tag-ostatnie-sztuki","10":"product_tag-sale","11":"pa_kolekcja-jesien-zima-2023","12":"pa_kolor-czerwony","13":"pa_material-100-akryl","14":"feature-czapka-zimowa","16":"first","17":"outofstock","18":"sale","19":"taxable","20":"shipping-taxable","21":"purchasable","22":"product-type-simple"},"acf":[],"_links":{"self":[{"href":"https:\/\/pgwear.net\/pl\/wp-json\/wp\/v2\/product\/68930","targetHints":{"allow":["GET"]}}],"collection":[{"href":"https:\/\/pgwear.net\/pl\/wp-json\/wp\/v2\/product"}],"about":[{"href":"https:\/\/pgwear.net\/pl\/wp-json\/wp\/v2\/types\/product"}],"wp:featuredmedia":[{"embeddable":true,"href":"https:\/\/pgwear.net\/pl\/wp-json\/wp\/v2\/media\/89264"}],"wp:attachment":[{"href":"https:\/\/pgwear.net\/pl\/wp-json\/wp\/v2\/media?parent=68930"}],"wp:term":[{"taxonomy":"product_brand","embeddable":true,"href":"https:\/\/pgwear.net\/pl\/wp-json\/wp\/v2\/product_brand?post=68930"},{"taxonomy":"product_cat","embeddable":true,"href":"https:\/\/pgwear.net\/pl\/wp-json\/wp\/v2\/product_cat?post=68930"},{"taxonomy":"product_tag","embeddable":true,"href":"https:\/\/pgwear.net\/pl\/wp-json\/wp\/v2\/product_tag?post=68930"}],"curies":[{"name":"wp","href":"https:\/\/api.w.org\/{rel}","templated":true}]}}