{"id":68950,"date":"2023-03-16T09:50:06","date_gmt":"2023-03-16T08:50:06","guid":{"rendered":"https:\/\/pgwear.net\/p\/aw23-kominiarka-alpha-black\/"},"modified":"2026-03-24T13:43:18","modified_gmt":"2026-03-24T12:43:18","slug":"aw23-kominiarka-alpha-black","status":"publish","type":"product","link":"https:\/\/pgwear.net\/pl\/p\/aw23-kominiarka-alpha-black\/","title":{"rendered":"Kominiarka &#8220;Alpha&#8221; Czarna"},"content":{"rendered":"<p>Od lat 70-tych do dzi\u015b istnieje na rynku niezast\u0105piony produkt do maskowania twarzy na stadionie w dniu meczu, przed policj\u0105, kamerami CCTV czy wrogami na ulicy. I tylko ten jedyny produkt pomo\u017ce Ci unikn\u0105\u0107 zakazu stadionowego! Tak, to jest kominiarka! Z motywem czaszki to akcesorium sta\u0142o si\u0119 ju\u017c legend\u0105!<\/p>\n","protected":false},"excerpt":{"rendered":"<p>Od lat 70-tych do dzi\u015b istnieje na rynku niezast\u0105piony produkt do maskowania twarzy na stadionie w dniu meczu, przed policj\u0105, kamerami CCTV czy wrogami na ulicy.<\/p>\n","protected":false},"featured_media":89416,"template":"","meta":{"_acf_changed":false},"product_brand":[],"product_cat":[370],"product_tag":[3839,2297,3277,2837],"class_list":{"0":"post-68950","1":"product","2":"type-product","3":"status-publish","4":"has-post-thumbnail","6":"product_cat-kominiarki","7":"product_tag-blue-monday","8":"product_tag-jesien-zima-2023","9":"product_tag-ostatnie-sztuki","10":"product_tag-sale","11":"pa_kolekcja-jesien-zima-2023","12":"pa_kolor-czarny","13":"pa_material-100-akryl","15":"first","16":"instock","17":"sale","18":"taxable","19":"shipping-taxable","20":"purchasable","21":"product-type-simple"},"acf":[],"_links":{"self":[{"href":"https:\/\/pgwear.net\/pl\/wp-json\/wp\/v2\/product\/68950","targetHints":{"allow":["GET"]}}],"collection":[{"href":"https:\/\/pgwear.net\/pl\/wp-json\/wp\/v2\/product"}],"about":[{"href":"https:\/\/pgwear.net\/pl\/wp-json\/wp\/v2\/types\/product"}],"wp:featuredmedia":[{"embeddable":true,"href":"https:\/\/pgwear.net\/pl\/wp-json\/wp\/v2\/media\/89416"}],"wp:attachment":[{"href":"https:\/\/pgwear.net\/pl\/wp-json\/wp\/v2\/media?parent=68950"}],"wp:term":[{"taxonomy":"product_brand","embeddable":true,"href":"https:\/\/pgwear.net\/pl\/wp-json\/wp\/v2\/product_brand?post=68950"},{"taxonomy":"product_cat","embeddable":true,"href":"https:\/\/pgwear.net\/pl\/wp-json\/wp\/v2\/product_cat?post=68950"},{"taxonomy":"product_tag","embeddable":true,"href":"https:\/\/pgwear.net\/pl\/wp-json\/wp\/v2\/product_tag?post=68950"}],"curies":[{"name":"wp","href":"https:\/\/api.w.org\/{rel}","templated":true}]}}